{"id":17,"date":"2025-09-28T10:55:35","date_gmt":"2025-09-28T10:55:35","guid":{"rendered":"https:\/\/huettencrea.com\/?page_id=17"},"modified":"2026-02-25T09:57:02","modified_gmt":"2026-02-25T09:57:02","slug":"tanacsadas","status":"publish","type":"page","link":"https:\/\/huettencrea.com\/de\/szolgaltatasaink\/tanacsadas\/","title":{"rendered":"Beratung"},"content":{"rendered":"<div data-elementor-type=\"wp-page\" data-elementor-id=\"17\" class=\"elementor elementor-17\" data-elementor-post-type=\"page\">\n\t\t\t\t<div class=\"elementor-element elementor-element-1644a67 e-flex e-con-boxed e-con e-child\" data-id=\"1644a67\" data-element_type=\"container\" data-e-type=\"container\" data-settings=\"{&quot;background_background&quot;:&quot;classic&quot;}\">\n\t\t\t\t\t<div class=\"e-con-inner\">\n\t\t<div class=\"elementor-element elementor-element-940ea22 e-con-full e-flex e-con e-child\" data-id=\"940ea22\" data-element_type=\"container\" data-e-type=\"container\">\n\t\t\t\t<div class=\"elementor-element elementor-element-01f7a50 elementor-widget elementor-widget-heading\" data-id=\"01f7a50\" data-element_type=\"widget\" data-e-type=\"widget\" data-widget_type=\"heading.default\">\n\t\t\t\t\t<h2 class=\"elementor-heading-title elementor-size-default\">Beratung<\/h2>\t\t\t\t<\/div>\n\t\t\t\t<div class=\"elementor-element elementor-element-dee6d89 elementor-widget elementor-widget-text-editor\" data-id=\"dee6d89\" data-element_type=\"widget\" data-e-type=\"widget\" data-widget_type=\"text-editor.default\">\n\t\t\t\t\t\t\t\t\t<p>Unser Expertenteam hilft Ihnen, Ihre Visionen zu verwirklichen - von der ersten Idee bis zur endg\u00fcltigen L\u00f6sung. Holen Sie sich ein schnelles, individuelles Angebot und eine professionelle Beratung - innerhalb von 48 Stunden.<\/p>\t\t\t\t\t\t\t\t<\/div>\n\t\t<div class=\"elementor-element elementor-element-06edf7b e-con-full e-flex e-con e-child\" data-id=\"06edf7b\" data-element_type=\"container\" data-e-type=\"container\">\n\t\t\t\t<div class=\"elementor-element elementor-element-fcaa5f3 elementor-align-left elementor-tablet-align-center elementor-mobile-align-justify elementor-widget-mobile__width-inherit elementor-widget elementor-widget-button\" data-id=\"fcaa5f3\" data-element_type=\"widget\" data-e-type=\"widget\" data-widget_type=\"button.default\">\n\t\t\t\t\t\t\t\t\t\t<a class=\"elementor-button elementor-button-link elementor-size-sm\" href=\"https:\/\/huettencrea.com\/de\/kontakt\/\">\n\t\t\t\t\t\t<span class=\"elementor-button-content-wrapper\">\n\t\t\t\t\t\t\t\t\t<span class=\"elementor-button-text\">Anfrage<\/span>\n\t\t\t\t\t<\/span>\n\t\t\t\t\t<\/a>\n\t\t\t\t\t\t\t\t<\/div>\n\t\t\t\t<\/div>\n\t\t\t\t<\/div>\n\t\t<div class=\"elementor-element elementor-element-9bb0fa0 e-con-full e-flex e-con e-child\" data-id=\"9bb0fa0\" data-element_type=\"container\" data-e-type=\"container\">\n\t\t\t\t<\/div>\n\t\t\t\t\t<\/div>\n\t\t\t\t<\/div>\n\t\t<div class=\"elementor-element elementor-element-308d22f e-flex e-con-boxed e-con e-parent\" data-id=\"308d22f\" data-element_type=\"container\" data-e-type=\"container\">\n\t\t\t\t\t<div class=\"e-con-inner\">\n\t\t<div class=\"elementor-element elementor-element-d913a25 e-grid e-con-boxed e-con e-child\" data-id=\"d913a25\" data-element_type=\"container\" data-e-type=\"container\">\n\t\t\t\t\t<div class=\"e-con-inner\">\n\t\t<div class=\"elementor-element elementor-element-3632a85 e-con-full e-flex elementor-invisible e-con e-child\" data-id=\"3632a85\" data-element_type=\"container\" data-e-type=\"container\" data-settings=\"{&quot;animation&quot;:&quot;fadeInUp&quot;}\">\n\t\t\t\t<div class=\"elementor-element elementor-element-3f18c3a elementor-widget elementor-widget-image\" data-id=\"3f18c3a\" data-element_type=\"widget\" data-e-type=\"widget\" data-widget_type=\"image.default\">\n\t\t\t\t\t\t\t\t\t\t\t\t\t\t\t<img fetchpriority=\"high\" decoding=\"async\" width=\"800\" height=\"450\" src=\"https:\/\/huettencrea.com\/wp-content\/uploads\/2025\/12\/2-1024x576.png\" class=\"attachment-large size-large wp-image-1304\" alt=\"\" srcset=\"https:\/\/huettencrea.com\/wp-content\/uploads\/2025\/12\/2-1024x576.png 1024w, https:\/\/huettencrea.com\/wp-content\/uploads\/2025\/12\/2-300x169.png 300w, https:\/\/huettencrea.com\/wp-content\/uploads\/2025\/12\/2-768x432.png 768w, https:\/\/huettencrea.com\/wp-content\/uploads\/2025\/12\/2-1536x864.png 1536w, https:\/\/huettencrea.com\/wp-content\/uploads\/2025\/12\/2.png 1920w\" sizes=\"(max-width: 800px) 100vw, 800px\" \/>\t\t\t\t\t\t\t\t\t\t\t\t\t\t\t<\/div>\n\t\t\t\t<div class=\"elementor-element elementor-element-9ffcbb2 elementor-widget elementor-widget-heading\" data-id=\"9ffcbb2\" data-element_type=\"widget\" data-e-type=\"widget\" data-widget_type=\"heading.default\">\n\t\t\t\t\t<h2 class=\"elementor-heading-title elementor-size-default\">1. kontaktieren Sie uns<\/h2>\t\t\t\t<\/div>\n\t\t\t\t<div class=\"elementor-element elementor-element-461d63c elementor-widget elementor-widget-text-editor\" data-id=\"461d63c\" data-element_type=\"widget\" data-e-type=\"widget\" data-widget_type=\"text-editor.default\">\n\t\t\t\t\t\t\t\t\t<p>Schicken Sie uns Ihre Ideen per E-Mail oder rufen Sie uns an: je detaillierter Ihre Anfrage (Funktion, Gr\u00f6\u00dfe, Material: Aluminium\/Glas\/Glas-Glas, Fotos, Grundriss, Standortbedingungen), desto pr\u00e4ziser und aussagekr\u00e4ftiger das technische Konzept und desto ungef\u00e4hrer der Preis, den wir Ihnen innerhalb von 48 Stunden mitteilen werden.<\/p>\t\t\t\t\t\t\t\t<\/div>\n\t\t\t\t<\/div>\n\t\t<div class=\"elementor-element elementor-element-6e42076 e-con-full e-flex elementor-invisible e-con e-child\" data-id=\"6e42076\" data-element_type=\"container\" data-e-type=\"container\" data-settings=\"{&quot;animation&quot;:&quot;fadeInUp&quot;}\">\n\t\t\t\t<div class=\"elementor-element elementor-element-fb83eda elementor-widget elementor-widget-image\" data-id=\"fb83eda\" data-element_type=\"widget\" data-e-type=\"widget\" data-widget_type=\"image.default\">\n\t\t\t\t\t\t\t\t\t\t\t\t\t\t\t<img decoding=\"async\" width=\"800\" height=\"450\" src=\"https:\/\/huettencrea.com\/wp-content\/uploads\/2025\/12\/3-1024x576.png\" class=\"attachment-large size-large wp-image-1305\" alt=\"\" srcset=\"https:\/\/huettencrea.com\/wp-content\/uploads\/2025\/12\/3-1024x576.png 1024w, https:\/\/huettencrea.com\/wp-content\/uploads\/2025\/12\/3-300x169.png 300w, https:\/\/huettencrea.com\/wp-content\/uploads\/2025\/12\/3-768x432.png 768w, https:\/\/huettencrea.com\/wp-content\/uploads\/2025\/12\/3-1536x864.png 1536w, https:\/\/huettencrea.com\/wp-content\/uploads\/2025\/12\/3.png 1920w\" sizes=\"(max-width: 800px) 100vw, 800px\" \/>\t\t\t\t\t\t\t\t\t\t\t\t\t\t\t<\/div>\n\t\t\t\t<div class=\"elementor-element elementor-element-b2b8764 elementor-widget elementor-widget-heading\" data-id=\"b2b8764\" data-element_type=\"widget\" data-e-type=\"widget\" data-widget_type=\"heading.default\">\n\t\t\t\t\t<h2 class=\"elementor-heading-title elementor-size-default\">2. online\/telefonische Beratung<\/h2>\t\t\t\t<\/div>\n\t\t\t\t<div class=\"elementor-element elementor-element-32216cf elementor-widget elementor-widget-text-editor\" data-id=\"32216cf\" data-element_type=\"widget\" data-e-type=\"widget\" data-widget_type=\"text-editor.default\">\n\t\t\t\t\t\t\t\t\t<p>Der erste Schritt ist eine kurze Online- oder Telefonberatung zur Kl\u00e4rung der Rahmenbedingungen und Erwartungen. Schnelle und gezielte Kommunikation = relevanter, personalisierter, bereits \u00fcberarbeiteter Vorschlag und Kostenvoranschlag.<\/p>\t\t\t\t\t\t\t\t<\/div>\n\t\t\t\t<\/div>\n\t\t<div class=\"elementor-element elementor-element-d4f7cca e-con-full e-flex elementor-invisible e-con e-child\" data-id=\"d4f7cca\" data-element_type=\"container\" data-e-type=\"container\" data-settings=\"{&quot;animation&quot;:&quot;fadeInUp&quot;}\">\n\t\t\t\t<div class=\"elementor-element elementor-element-44822f4 elementor-widget elementor-widget-image\" data-id=\"44822f4\" data-element_type=\"widget\" data-e-type=\"widget\" data-widget_type=\"image.default\">\n\t\t\t\t\t\t\t\t\t\t\t\t\t\t\t<img decoding=\"async\" width=\"800\" height=\"450\" src=\"https:\/\/huettencrea.com\/wp-content\/uploads\/2025\/12\/5-1024x576.png\" class=\"attachment-large size-large wp-image-1307\" alt=\"\" srcset=\"https:\/\/huettencrea.com\/wp-content\/uploads\/2025\/12\/5-1024x576.png 1024w, https:\/\/huettencrea.com\/wp-content\/uploads\/2025\/12\/5-300x169.png 300w, https:\/\/huettencrea.com\/wp-content\/uploads\/2025\/12\/5-768x432.png 768w, https:\/\/huettencrea.com\/wp-content\/uploads\/2025\/12\/5-1536x864.png 1536w, https:\/\/huettencrea.com\/wp-content\/uploads\/2025\/12\/5.png 1920w\" sizes=\"(max-width: 800px) 100vw, 800px\" \/>\t\t\t\t\t\t\t\t\t\t\t\t\t\t\t<\/div>\n\t\t\t\t<div class=\"elementor-element elementor-element-7dddf5d elementor-widget elementor-widget-heading\" data-id=\"7dddf5d\" data-element_type=\"widget\" data-e-type=\"widget\" data-widget_type=\"heading.default\">\n\t\t\t\t\t<h2 class=\"elementor-heading-title elementor-size-default\">3. pers\u00f6nliches Treffen<\/h2>\t\t\t\t<\/div>\n\t\t\t\t<div class=\"elementor-element elementor-element-b29b911 elementor-widget elementor-widget-text-editor\" data-id=\"b29b911\" data-element_type=\"widget\" data-e-type=\"widget\" data-widget_type=\"text-editor.default\">\n\t\t\t\t\t\t\t\t\tWenn das vorl\u00e4ufige Angebot zufriedenstellend ist, f\u00fchren wir eine Besichtigung vor Ort durch. Die Beratung vor Ort ist zwar kostenpflichtig, aber die Kosten daf\u00fcr sind im endg\u00fcltigen Angebot enthalten, so dass Ihnen keine zus\u00e4tzlichen Kosten entstehen, wenn Sie einen Auftrag erteilen.\t\t\t\t\t\t\t\t<\/div>\n\t\t\t\t<\/div>\n\t\t<div class=\"elementor-element elementor-element-8271a89 e-con-full e-flex elementor-invisible e-con e-child\" data-id=\"8271a89\" data-element_type=\"container\" data-e-type=\"container\" data-settings=\"{&quot;animation&quot;:&quot;fadeInUp&quot;}\">\n\t\t\t\t<div class=\"elementor-element elementor-element-28ec5e3 elementor-widget elementor-widget-image\" data-id=\"28ec5e3\" data-element_type=\"widget\" data-e-type=\"widget\" data-widget_type=\"image.default\">\n\t\t\t\t\t\t\t\t\t\t\t\t\t\t\t<img loading=\"lazy\" decoding=\"async\" width=\"800\" height=\"450\" src=\"https:\/\/huettencrea.com\/wp-content\/uploads\/2025\/12\/4-1024x576.png\" class=\"attachment-large size-large wp-image-1306\" alt=\"\" srcset=\"https:\/\/huettencrea.com\/wp-content\/uploads\/2025\/12\/4-1024x576.png 1024w, https:\/\/huettencrea.com\/wp-content\/uploads\/2025\/12\/4-300x169.png 300w, https:\/\/huettencrea.com\/wp-content\/uploads\/2025\/12\/4-768x432.png 768w, https:\/\/huettencrea.com\/wp-content\/uploads\/2025\/12\/4-1536x864.png 1536w, https:\/\/huettencrea.com\/wp-content\/uploads\/2025\/12\/4.png 1920w\" sizes=\"(max-width: 800px) 100vw, 800px\" \/>\t\t\t\t\t\t\t\t\t\t\t\t\t\t\t<\/div>\n\t\t\t\t<div class=\"elementor-element elementor-element-774b07b elementor-widget elementor-widget-heading\" data-id=\"774b07b\" data-element_type=\"widget\" data-e-type=\"widget\" data-widget_type=\"heading.default\">\n\t\t\t\t\t<h2 class=\"elementor-heading-title elementor-size-default\">4. gemeinsame Fertigstellung<\/h2>\t\t\t\t<\/div>\n\t\t\t\t<div class=\"elementor-element elementor-element-6152dc7 elementor-widget elementor-widget-text-editor\" data-id=\"6152dc7\" data-element_type=\"widget\" data-e-type=\"widget\" data-widget_type=\"text-editor.default\">\n\t\t\t\t\t\t\t\t\tDer Prozess ist kooperativ: Auf der Grundlage Ihrer genau erfassten Bed\u00fcrfnisse erstellen wir ein endg\u00fcltiges technisches Konzept und ein Angebot, das wir bei Bedarf verfeinern, um das beste Preis-Leistungs-Verh\u00e4ltnis zu erzielen.\t\t\t\t\t\t\t\t<\/div>\n\t\t\t\t<\/div>\n\t\t\t\t\t<\/div>\n\t\t\t\t<\/div>\n\t\t\t\t\t<\/div>\n\t\t\t\t<\/div>\n\t\t<div class=\"elementor-element elementor-element-27f9f24 e-flex e-con-boxed e-con e-parent\" data-id=\"27f9f24\" data-element_type=\"container\" data-e-type=\"container\" data-settings=\"{&quot;background_background&quot;:&quot;classic&quot;}\">\n\t\t\t\t\t<div class=\"e-con-inner\">\n\t\t<div class=\"elementor-element elementor-element-28f6ce4 e-flex e-con-boxed e-con e-child\" data-id=\"28f6ce4\" data-element_type=\"container\" data-e-type=\"container\">\n\t\t\t\t\t<div class=\"e-con-inner\">\n\t\t\t\t<div class=\"elementor-element elementor-element-e4e4856 elementor-widget elementor-widget-heading\" data-id=\"e4e4856\" data-element_type=\"widget\" data-e-type=\"widget\" data-widget_type=\"heading.default\">\n\t\t\t\t\t<h2 class=\"elementor-heading-title elementor-size-default\">Senden Sie uns Ihre Unterlagen oder rufen Sie uns an<\/h2>\t\t\t\t<\/div>\n\t\t\t\t<div class=\"elementor-element elementor-element-e18cae7 elementor-widget elementor-widget-text-editor\" data-id=\"e18cae7\" data-element_type=\"widget\" data-e-type=\"widget\" data-widget_type=\"text-editor.default\">\n\t\t\t\t\t\t\t\t\t<p>Sie erhalten innerhalb von 48 Stunden einen unverbindlichen technischen Vorschlag und einen Richtpreis.<\/p>\t\t\t\t\t\t\t\t<\/div>\n\t\t\t\t<div class=\"elementor-element elementor-element-a73019a elementor-align-center elementor-tablet-align-center elementor-mobile-align-justify elementor-widget-mobile__width-inherit elementor-widget elementor-widget-button\" data-id=\"a73019a\" data-element_type=\"widget\" data-e-type=\"widget\" data-widget_type=\"button.default\">\n\t\t\t\t\t\t\t\t\t\t<a class=\"elementor-button elementor-button-link elementor-size-sm\" href=\"https:\/\/huettencrea.com\/de\/kontakt\/\">\n\t\t\t\t\t\t<span class=\"elementor-button-content-wrapper\">\n\t\t\t\t\t\t\t\t\t<span class=\"elementor-button-text\">Anfrage<\/span>\n\t\t\t\t\t<\/span>\n\t\t\t\t\t<\/a>\n\t\t\t\t\t\t\t\t<\/div>\n\t\t\t\t\t<\/div>\n\t\t\t\t<\/div>\n\t\t\t\t\t<\/div>\n\t\t\t\t<\/div>\n\t\t\t\t<\/div>","protected":false},"excerpt":{"rendered":"<p>Tan\u00e1csad\u00e1s Szak\u00e9rt\u0151i csapatunk seg\u00edt megval\u00f3s\u00edtani elk\u00e9pzel\u00e9seit az els\u0151 \u00f6tlett\u0151l a v\u00e9gleges megold\u00e1sig. K\u00e9rjen gyors, szem\u00e9lyre szabott el\u0151zetes aj\u00e1nlatot \u00e9s szakmai konzult\u00e1ci\u00f3t \u2013 mindezt ak\u00e1r 48 \u00f3r\u00e1n bel\u00fcl. K\u00e9rjen aj\u00e1nlatot 1. Kapcsolatfelv\u00e9tel K\u00fcldje el elk\u00e9pzel\u00e9seit e-mailben vagy h\u00edvjon minket: min\u00e9l r\u00e9szletesebb az aj\u00e1nlatk\u00e9r\u00e9se (funkci\u00f3, m\u00e9ret, anyag: alum\u00ednium\/\u00fcveg\/lamella, fot\u00f3k, alaprajz, telek adotts\u00e1gai), ann\u00e1l pontosabb, t\u00e1j\u00e9koztat\u00f3 jelleg\u0171 m\u0171szaki [&hellip;]<\/p>\n","protected":false},"author":12,"featured_media":0,"parent":52,"menu_order":0,"comment_status":"closed","ping_status":"closed","template":"elementor_header_footer","meta":{"footnotes":""},"class_list":["post-17","page","type-page","status-publish","hentry"],"yoast_head":"<!-- This site is optimized with the Yoast SEO plugin v27.5 - https:\/\/yoast.com\/product\/yoast-seo-wordpress\/ -->\n<title>Tan\u00e1csad\u00e1s - H\u00fcttenCrea<\/title>\n<meta name=\"robots\" content=\"index, follow, max-snippet:-1, max-image-preview:large, max-video-preview:-1\" \/>\n<link rel=\"canonical\" href=\"https:\/\/huettencrea.com\/de\/unsere-service-tatas\/tanacsadas\/\" \/>\n<meta property=\"og:locale\" content=\"de_DE\" \/>\n<meta property=\"og:type\" content=\"article\" \/>\n<meta property=\"og:title\" content=\"Tan\u00e1csad\u00e1s - H\u00fcttenCrea\" \/>\n<meta property=\"og:description\" content=\"Tan\u00e1csad\u00e1s Szak\u00e9rt\u0151i csapatunk seg\u00edt megval\u00f3s\u00edtani elk\u00e9pzel\u00e9seit az els\u0151 \u00f6tlett\u0151l a v\u00e9gleges megold\u00e1sig. K\u00e9rjen gyors, szem\u00e9lyre szabott el\u0151zetes aj\u00e1nlatot \u00e9s szakmai konzult\u00e1ci\u00f3t \u2013 mindezt ak\u00e1r 48 \u00f3r\u00e1n bel\u00fcl. K\u00e9rjen aj\u00e1nlatot 1. Kapcsolatfelv\u00e9tel K\u00fcldje el elk\u00e9pzel\u00e9seit e-mailben vagy h\u00edvjon minket: min\u00e9l r\u00e9szletesebb az aj\u00e1nlatk\u00e9r\u00e9se (funkci\u00f3, m\u00e9ret, anyag: alum\u00ednium\/\u00fcveg\/lamella, fot\u00f3k, alaprajz, telek adotts\u00e1gai), ann\u00e1l pontosabb, t\u00e1j\u00e9koztat\u00f3 jelleg\u0171 m\u0171szaki [&hellip;]\" \/>\n<meta property=\"og:url\" content=\"https:\/\/huettencrea.com\/de\/unsere-service-tatas\/tanacsadas\/\" \/>\n<meta property=\"og:site_name\" content=\"H\u00fcttenCrea\" \/>\n<meta property=\"article:modified_time\" content=\"2026-02-25T09:57:02+00:00\" \/>\n<meta property=\"og:image\" content=\"https:\/\/huettencrea.com\/wp-content\/uploads\/2025\/12\/2-1024x576.png\" \/>\n<meta name=\"twitter:card\" content=\"summary_large_image\" \/>\n<meta name=\"twitter:label1\" content=\"Gesch\u00e4tzte Lesezeit\" \/>\n\t<meta name=\"twitter:data1\" content=\"1\u00a0Minute\" \/>\n<script type=\"application\/ld+json\" class=\"yoast-schema-graph\">{\"@context\":\"https:\\\/\\\/schema.org\",\"@graph\":[{\"@type\":\"WebPage\",\"@id\":\"https:\\\/\\\/huettencrea.com\\\/szolgaltatasaink\\\/tanacsadas\\\/\",\"url\":\"https:\\\/\\\/huettencrea.com\\\/szolgaltatasaink\\\/tanacsadas\\\/\",\"name\":\"Tan\u00e1csad\u00e1s - H\u00fcttenCrea\",\"isPartOf\":{\"@id\":\"https:\\\/\\\/huettencrea.com\\\/#website\"},\"primaryImageOfPage\":{\"@id\":\"https:\\\/\\\/huettencrea.com\\\/szolgaltatasaink\\\/tanacsadas\\\/#primaryimage\"},\"image\":{\"@id\":\"https:\\\/\\\/huettencrea.com\\\/szolgaltatasaink\\\/tanacsadas\\\/#primaryimage\"},\"thumbnailUrl\":\"https:\\\/\\\/huettencrea.com\\\/wp-content\\\/uploads\\\/2025\\\/12\\\/2-1024x576.png\",\"datePublished\":\"2025-09-28T10:55:35+00:00\",\"dateModified\":\"2026-02-25T09:57:02+00:00\",\"breadcrumb\":{\"@id\":\"https:\\\/\\\/huettencrea.com\\\/szolgaltatasaink\\\/tanacsadas\\\/#breadcrumb\"},\"inLanguage\":\"de\",\"potentialAction\":[{\"@type\":\"ReadAction\",\"target\":[\"https:\\\/\\\/huettencrea.com\\\/szolgaltatasaink\\\/tanacsadas\\\/\"]}]},{\"@type\":\"ImageObject\",\"inLanguage\":\"de\",\"@id\":\"https:\\\/\\\/huettencrea.com\\\/szolgaltatasaink\\\/tanacsadas\\\/#primaryimage\",\"url\":\"https:\\\/\\\/huettencrea.com\\\/wp-content\\\/uploads\\\/2025\\\/12\\\/2-1024x576.png\",\"contentUrl\":\"https:\\\/\\\/huettencrea.com\\\/wp-content\\\/uploads\\\/2025\\\/12\\\/2-1024x576.png\"},{\"@type\":\"BreadcrumbList\",\"@id\":\"https:\\\/\\\/huettencrea.com\\\/szolgaltatasaink\\\/tanacsadas\\\/#breadcrumb\",\"itemListElement\":[{\"@type\":\"ListItem\",\"position\":1,\"name\":\"Kezd\u0151lap\",\"item\":\"https:\\\/\\\/huettencrea.com\\\/\"},{\"@type\":\"ListItem\",\"position\":2,\"name\":\"Szolg\u00e1ltat\u00e1saink\",\"item\":\"https:\\\/\\\/huettencrea.com\\\/szolgaltatasaink\\\/\"},{\"@type\":\"ListItem\",\"position\":3,\"name\":\"Tan\u00e1csad\u00e1s\"}]},{\"@type\":\"WebSite\",\"@id\":\"https:\\\/\\\/huettencrea.com\\\/#website\",\"url\":\"https:\\\/\\\/huettencrea.com\\\/\",\"name\":\"H\u00fcttenCrea\",\"description\":\"\",\"publisher\":{\"@id\":\"https:\\\/\\\/huettencrea.com\\\/#organization\"},\"potentialAction\":[{\"@type\":\"SearchAction\",\"target\":{\"@type\":\"EntryPoint\",\"urlTemplate\":\"https:\\\/\\\/huettencrea.com\\\/?s={search_term_string}\"},\"query-input\":{\"@type\":\"PropertyValueSpecification\",\"valueRequired\":true,\"valueName\":\"search_term_string\"}}],\"inLanguage\":\"de\"},{\"@type\":\"Organization\",\"@id\":\"https:\\\/\\\/huettencrea.com\\\/#organization\",\"name\":\"H\u00fcttenCrea\",\"url\":\"https:\\\/\\\/huettencrea.com\\\/\",\"logo\":{\"@type\":\"ImageObject\",\"inLanguage\":\"de\",\"@id\":\"https:\\\/\\\/huettencrea.com\\\/#\\\/schema\\\/logo\\\/image\\\/\",\"url\":\"https:\\\/\\\/huettencrea.com\\\/wp-content\\\/uploads\\\/2025\\\/09\\\/logo_huttencrea-scaled-removebg-preview.png\",\"contentUrl\":\"https:\\\/\\\/huettencrea.com\\\/wp-content\\\/uploads\\\/2025\\\/09\\\/logo_huttencrea-scaled-removebg-preview.png\",\"width\":970,\"height\":257,\"caption\":\"H\u00fcttenCrea\"},\"image\":{\"@id\":\"https:\\\/\\\/huettencrea.com\\\/#\\\/schema\\\/logo\\\/image\\\/\"}}]}<\/script>\n<!-- \/ Yoast SEO plugin. -->","yoast_head_json":{"title":"Beratung - H\u00fcttenCrea","robots":{"index":"index","follow":"follow","max-snippet":"max-snippet:-1","max-image-preview":"max-image-preview:large","max-video-preview":"max-video-preview:-1"},"canonical":"https:\/\/huettencrea.com\/de\/unsere-service-tatas\/tanacsadas\/","og_locale":"de_DE","og_type":"article","og_title":"Tan\u00e1csad\u00e1s - H\u00fcttenCrea","og_description":"Tan\u00e1csad\u00e1s Szak\u00e9rt\u0151i csapatunk seg\u00edt megval\u00f3s\u00edtani elk\u00e9pzel\u00e9seit az els\u0151 \u00f6tlett\u0151l a v\u00e9gleges megold\u00e1sig. K\u00e9rjen gyors, szem\u00e9lyre szabott el\u0151zetes aj\u00e1nlatot \u00e9s szakmai konzult\u00e1ci\u00f3t \u2013 mindezt ak\u00e1r 48 \u00f3r\u00e1n bel\u00fcl. K\u00e9rjen aj\u00e1nlatot 1. Kapcsolatfelv\u00e9tel K\u00fcldje el elk\u00e9pzel\u00e9seit e-mailben vagy h\u00edvjon minket: min\u00e9l r\u00e9szletesebb az aj\u00e1nlatk\u00e9r\u00e9se (funkci\u00f3, m\u00e9ret, anyag: alum\u00ednium\/\u00fcveg\/lamella, fot\u00f3k, alaprajz, telek adotts\u00e1gai), ann\u00e1l pontosabb, t\u00e1j\u00e9koztat\u00f3 jelleg\u0171 m\u0171szaki [&hellip;]","og_url":"https:\/\/huettencrea.com\/de\/unsere-service-tatas\/tanacsadas\/","og_site_name":"H\u00fcttenCrea","article_modified_time":"2026-02-25T09:57:02+00:00","og_image":[{"url":"https:\/\/huettencrea.com\/wp-content\/uploads\/2025\/12\/2-1024x576.png","type":"","width":"","height":""}],"twitter_card":"summary_large_image","twitter_misc":{"Gesch\u00e4tzte Lesezeit":"1\u00a0Minute"},"schema":{"@context":"https:\/\/schema.org","@graph":[{"@type":"WebPage","@id":"https:\/\/huettencrea.com\/szolgaltatasaink\/tanacsadas\/","url":"https:\/\/huettencrea.com\/szolgaltatasaink\/tanacsadas\/","name":"Beratung - H\u00fcttenCrea","isPartOf":{"@id":"https:\/\/huettencrea.com\/#website"},"primaryImageOfPage":{"@id":"https:\/\/huettencrea.com\/szolgaltatasaink\/tanacsadas\/#primaryimage"},"image":{"@id":"https:\/\/huettencrea.com\/szolgaltatasaink\/tanacsadas\/#primaryimage"},"thumbnailUrl":"https:\/\/huettencrea.com\/wp-content\/uploads\/2025\/12\/2-1024x576.png","datePublished":"2025-09-28T10:55:35+00:00","dateModified":"2026-02-25T09:57:02+00:00","breadcrumb":{"@id":"https:\/\/huettencrea.com\/szolgaltatasaink\/tanacsadas\/#breadcrumb"},"inLanguage":"de","potentialAction":[{"@type":"ReadAction","target":["https:\/\/huettencrea.com\/szolgaltatasaink\/tanacsadas\/"]}]},{"@type":"ImageObject","inLanguage":"de","@id":"https:\/\/huettencrea.com\/szolgaltatasaink\/tanacsadas\/#primaryimage","url":"https:\/\/huettencrea.com\/wp-content\/uploads\/2025\/12\/2-1024x576.png","contentUrl":"https:\/\/huettencrea.com\/wp-content\/uploads\/2025\/12\/2-1024x576.png"},{"@type":"BreadcrumbList","@id":"https:\/\/huettencrea.com\/szolgaltatasaink\/tanacsadas\/#breadcrumb","itemListElement":[{"@type":"ListItem","position":1,"name":"Kezd\u0151lap","item":"https:\/\/huettencrea.com\/"},{"@type":"ListItem","position":2,"name":"Szolg\u00e1ltat\u00e1saink","item":"https:\/\/huettencrea.com\/szolgaltatasaink\/"},{"@type":"ListItem","position":3,"name":"Tan\u00e1csad\u00e1s"}]},{"@type":"WebSite","@id":"https:\/\/huettencrea.com\/#website","url":"https:\/\/huettencrea.com\/","name":"CottageCrea","description":"","publisher":{"@id":"https:\/\/huettencrea.com\/#organization"},"potentialAction":[{"@type":"SearchAction","target":{"@type":"EntryPoint","urlTemplate":"https:\/\/huettencrea.com\/?s={search_term_string}"},"query-input":{"@type":"PropertyValueSpecification","valueRequired":true,"valueName":"search_term_string"}}],"inLanguage":"de"},{"@type":"Organization","@id":"https:\/\/huettencrea.com\/#organization","name":"CottageCrea","url":"https:\/\/huettencrea.com\/","logo":{"@type":"ImageObject","inLanguage":"de","@id":"https:\/\/huettencrea.com\/#\/schema\/logo\/image\/","url":"https:\/\/huettencrea.com\/wp-content\/uploads\/2025\/09\/logo_huttencrea-scaled-removebg-preview.png","contentUrl":"https:\/\/huettencrea.com\/wp-content\/uploads\/2025\/09\/logo_huttencrea-scaled-removebg-preview.png","width":970,"height":257,"caption":"H\u00fcttenCrea"},"image":{"@id":"https:\/\/huettencrea.com\/#\/schema\/logo\/image\/"}}]}},"_links":{"self":[{"href":"https:\/\/huettencrea.com\/de\/wp-json\/wp\/v2\/pages\/17","targetHints":{"allow":["GET"]}}],"collection":[{"href":"https:\/\/huettencrea.com\/de\/wp-json\/wp\/v2\/pages"}],"about":[{"href":"https:\/\/huettencrea.com\/de\/wp-json\/wp\/v2\/types\/page"}],"author":[{"embeddable":true,"href":"https:\/\/huettencrea.com\/de\/wp-json\/wp\/v2\/users\/12"}],"replies":[{"embeddable":true,"href":"https:\/\/huettencrea.com\/de\/wp-json\/wp\/v2\/comments?post=17"}],"version-history":[{"count":17,"href":"https:\/\/huettencrea.com\/de\/wp-json\/wp\/v2\/pages\/17\/revisions"}],"predecessor-version":[{"id":2093,"href":"https:\/\/huettencrea.com\/de\/wp-json\/wp\/v2\/pages\/17\/revisions\/2093"}],"up":[{"embeddable":true,"href":"https:\/\/huettencrea.com\/de\/wp-json\/wp\/v2\/pages\/52"}],"wp:attachment":[{"href":"https:\/\/huettencrea.com\/de\/wp-json\/wp\/v2\/media?parent=17"}],"curies":[{"name":"wp","href":"https:\/\/api.w.org\/{rel}","templated":true}]}}