{"id":1871,"date":"2026-01-16T14:50:11","date_gmt":"2026-01-16T14:50:11","guid":{"rendered":"https:\/\/huettencrea.com\/?page_id=1871"},"modified":"2026-02-25T09:56:54","modified_gmt":"2026-02-25T09:56:54","slug":"aktualisierungen","status":"publish","type":"page","link":"https:\/\/huettencrea.com\/de\/aktualitasok\/","title":{"rendered":"Aktualit\u00e4ten"},"content":{"rendered":"<div data-elementor-type=\"wp-page\" data-elementor-id=\"1871\" class=\"elementor elementor-1871\" data-elementor-post-type=\"page\">\n\t\t\t\t<div class=\"elementor-element elementor-element-19c50e4 e-flex e-con-boxed e-con e-child\" data-id=\"19c50e4\" data-element_type=\"container\" data-e-type=\"container\">\n\t\t\t\t\t<div class=\"e-con-inner\">\n\t\t<div class=\"elementor-element elementor-element-0368bd3 e-con-full e-flex e-con e-child\" data-id=\"0368bd3\" data-element_type=\"container\" data-e-type=\"container\">\n\t\t\t\t<div class=\"elementor-element elementor-element-78e79fe elementor-widget elementor-widget-image\" data-id=\"78e79fe\" data-element_type=\"widget\" data-e-type=\"widget\" data-widget_type=\"image.default\">\n\t\t\t\t\t\t\t\t\t\t\t\t\t\t\t<img fetchpriority=\"high\" decoding=\"async\" width=\"800\" height=\"800\" src=\"https:\/\/huettencrea.com\/wp-content\/uploads\/2026\/01\/5df88e5d317cd27132d28ef7-1024x1024.jpg\" class=\"attachment-large size-large wp-image-1902\" alt=\"\" srcset=\"https:\/\/huettencrea.com\/wp-content\/uploads\/2026\/01\/5df88e5d317cd27132d28ef7-1024x1024.jpg 1024w, https:\/\/huettencrea.com\/wp-content\/uploads\/2026\/01\/5df88e5d317cd27132d28ef7-300x300.jpg 300w, https:\/\/huettencrea.com\/wp-content\/uploads\/2026\/01\/5df88e5d317cd27132d28ef7-150x150.jpg 150w, https:\/\/huettencrea.com\/wp-content\/uploads\/2026\/01\/5df88e5d317cd27132d28ef7-768x768.jpg 768w, https:\/\/huettencrea.com\/wp-content\/uploads\/2026\/01\/5df88e5d317cd27132d28ef7-1536x1536.jpg 1536w, https:\/\/huettencrea.com\/wp-content\/uploads\/2026\/01\/5df88e5d317cd27132d28ef7.jpg 2000w\" sizes=\"(max-width: 800px) 100vw, 800px\" \/>\t\t\t\t\t\t\t\t\t\t\t\t\t\t\t<\/div>\n\t\t\t\t<\/div>\n\t\t<div class=\"elementor-element elementor-element-2c6cfc5 e-con-full e-flex e-con e-child\" data-id=\"2c6cfc5\" data-element_type=\"container\" data-e-type=\"container\">\n\t\t\t\t<div class=\"elementor-element elementor-element-85b54b6 elementor-widget elementor-widget-heading\" data-id=\"85b54b6\" data-element_type=\"widget\" data-e-type=\"widget\" data-widget_type=\"heading.default\">\n\t\t\t\t\t<h2 class=\"elementor-heading-title elementor-size-default\">Nachrichten - Fragen, Antworten, Inspiration an einem Ort<\/h2>\t\t\t\t<\/div>\n\t\t\t\t<div class=\"elementor-element elementor-element-924ace7 elementor-widget elementor-widget-text-editor\" data-id=\"924ace7\" data-element_type=\"widget\" data-e-type=\"widget\" data-widget_type=\"text-editor.default\">\n\t\t\t\t\t\t\t\t\t<p>Sie fragen sich, wie Sie eine Terrasse oder Pergola sicher ausw\u00e4hlen k\u00f6nnen? Sie haben ein paar Fragen, bevor Sie mit dem Projekt beginnen, oder m\u00f6chten sich einfach nur \u00fcber die neuesten Trends im Au\u00dfenbereich informieren?<\/p><p>\u00a0<\/p><p>Von <strong>Aktualit\u00e4ten<\/strong> finden Sie alles, was Sie brauchen, um eine Entscheidung zu treffen:<\/p><ul><li>A <strong>H\u00e4ufig gestellte Fragen<\/strong> haben wir die wichtigsten Informationen zusammengestellt, nach denen unsere Kunden am h\u00e4ufigsten fragen.<\/li><li>A <strong>Blog unter<\/strong> und wir werden Sie mit Artikeln, Tipps und Inspirationen auf dem Laufenden halten, die Ihnen helfen, sich in der Welt der modernen Terrassenl\u00f6sungen zurechtzufinden.<\/li><\/ul>\t\t\t\t\t\t\t\t<\/div>\n\t\t\t\t<div class=\"elementor-element elementor-element-081c2a3 elementor-align-left elementor-tablet-align-center elementor-mobile-align-justify elementor-widget elementor-widget-button\" data-id=\"081c2a3\" data-element_type=\"widget\" data-e-type=\"widget\" data-widget_type=\"button.default\">\n\t\t\t\t\t\t\t\t\t\t<a class=\"elementor-button elementor-button-link elementor-size-sm\" href=\"https:\/\/huettencrea.com\/de\/aktualisierungen\/fragen-die-haufig-gestellt-werden\/\">\n\t\t\t\t\t\t<span class=\"elementor-button-content-wrapper\">\n\t\t\t\t\t\t\t\t\t<span class=\"elementor-button-text\">Wenn Sie eine spezielle Frage haben, lesen Sie unsere FAQs (Seite)<\/span>\n\t\t\t\t\t<\/span>\n\t\t\t\t\t<\/a>\n\t\t\t\t\t\t\t\t<\/div>\n\t\t\t\t<div class=\"elementor-element elementor-element-16ea642 elementor-align-left elementor-tablet-align-center elementor-mobile-align-justify elementor-widget elementor-widget-button\" data-id=\"16ea642\" data-element_type=\"widget\" data-e-type=\"widget\" data-widget_type=\"button.default\">\n\t\t\t\t\t\t\t\t\t\t<a class=\"elementor-button elementor-button-link elementor-size-sm\" href=\"https:\/\/huettencrea.com\/de\/kategorie\/blog\/\">\n\t\t\t\t\t\t<span class=\"elementor-button-content-wrapper\">\n\t\t\t\t\t\t\t\t\t<span class=\"elementor-button-text\">Wenn Sie nach neuen Ideen, L\u00f6sungen oder Inspiration suchen<\/span>\n\t\t\t\t\t<\/span>\n\t\t\t\t\t<\/a>\n\t\t\t\t\t\t\t\t<\/div>\n\t\t\t\t<div class=\"elementor-element elementor-element-926fc17 elementor-widget elementor-widget-text-editor\" data-id=\"926fc17\" data-element_type=\"widget\" data-e-type=\"widget\" data-widget_type=\"text-editor.default\">\n\t\t\t\t\t\t\t\t\t<p><span style=\"font-weight: 400;\">Denn gute Entscheidungen beginnen immer mit den richtigen Informationen.<\/span><\/p>\t\t\t\t\t\t\t\t<\/div>\n\t\t\t\t<\/div>\n\t\t\t\t\t<\/div>\n\t\t\t\t<\/div>\n\t\t\t\t<\/div>","protected":false},"excerpt":{"rendered":"<p>Aktualit\u00e1sok \u2013 k\u00e9rd\u00e9sek, v\u00e1laszok, inspir\u00e1ci\u00f3k egy helyen K\u00edv\u00e1ncsi, hogyan v\u00e1lasszon biztons\u00e1gosan terasztet\u0151t vagy pergol\u00e1t? Felmer\u00fclt n\u00e9h\u00e1ny k\u00e9rd\u00e9se, miel\u0151tt belev\u00e1gna a projektbe Vagy egyszer\u0171en csak inspir\u00e1l\u00f3dna a leg\u00fajabb k\u00fclt\u00e9ri trendekr\u0151l? \u00a0 Az Aktualit\u00e1sok men\u00fcpontban mindent megtal\u00e1l, ami seg\u00edt a d\u00f6nt\u00e9sben: A Gyakran Ism\u00e9telt K\u00e9rd\u00e9sek k\u00f6z\u00f6tt \u00f6sszegy\u0171jt\u00f6tt\u00fck a legfontosabb tudnival\u00f3kat, amelyek \u00fcgyfeleinket leggyakrabban foglalkoztatj\u00e1k. A Blogban pedig [&hellip;]<\/p>\n","protected":false},"author":12,"featured_media":0,"parent":0,"menu_order":0,"comment_status":"closed","ping_status":"closed","template":"elementor_header_footer","meta":{"footnotes":""},"class_list":["post-1871","page","type-page","status-publish","hentry"],"yoast_head":"<!-- This site is optimized with the Yoast SEO plugin v27.5 - https:\/\/yoast.com\/product\/yoast-seo-wordpress\/ -->\n<title>Aktual\u00edt\u00e1sok - H\u00fcttenCrea<\/title>\n<meta name=\"robots\" content=\"index, follow, max-snippet:-1, max-image-preview:large, max-video-preview:-1\" \/>\n<link rel=\"canonical\" href=\"https:\/\/huettencrea.com\/de\/aktualisierungen\/\" \/>\n<meta property=\"og:locale\" content=\"de_DE\" \/>\n<meta property=\"og:type\" content=\"article\" \/>\n<meta property=\"og:title\" content=\"Aktual\u00edt\u00e1sok - H\u00fcttenCrea\" \/>\n<meta property=\"og:description\" content=\"Aktualit\u00e1sok \u2013 k\u00e9rd\u00e9sek, v\u00e1laszok, inspir\u00e1ci\u00f3k egy helyen K\u00edv\u00e1ncsi, hogyan v\u00e1lasszon biztons\u00e1gosan terasztet\u0151t vagy pergol\u00e1t? Felmer\u00fclt n\u00e9h\u00e1ny k\u00e9rd\u00e9se, miel\u0151tt belev\u00e1gna a projektbe Vagy egyszer\u0171en csak inspir\u00e1l\u00f3dna a leg\u00fajabb k\u00fclt\u00e9ri trendekr\u0151l? \u00a0 Az Aktualit\u00e1sok men\u00fcpontban mindent megtal\u00e1l, ami seg\u00edt a d\u00f6nt\u00e9sben: A Gyakran Ism\u00e9telt K\u00e9rd\u00e9sek k\u00f6z\u00f6tt \u00f6sszegy\u0171jt\u00f6tt\u00fck a legfontosabb tudnival\u00f3kat, amelyek \u00fcgyfeleinket leggyakrabban foglalkoztatj\u00e1k. A Blogban pedig [&hellip;]\" \/>\n<meta property=\"og:url\" content=\"https:\/\/huettencrea.com\/de\/aktualisierungen\/\" \/>\n<meta property=\"og:site_name\" content=\"H\u00fcttenCrea\" \/>\n<meta property=\"article:modified_time\" content=\"2026-02-25T09:56:54+00:00\" \/>\n<meta property=\"og:image\" content=\"https:\/\/huettencrea.com\/wp-content\/uploads\/2026\/01\/5df88e5d317cd27132d28ef7-1024x1024.jpg\" \/>\n<meta name=\"twitter:card\" content=\"summary_large_image\" \/>\n<meta name=\"twitter:label1\" content=\"Gesch\u00e4tzte Lesezeit\" \/>\n\t<meta name=\"twitter:data1\" content=\"1\u00a0Minute\" \/>\n<script type=\"application\/ld+json\" class=\"yoast-schema-graph\">{\"@context\":\"https:\\\/\\\/schema.org\",\"@graph\":[{\"@type\":\"WebPage\",\"@id\":\"https:\\\/\\\/huettencrea.com\\\/aktualitasok\\\/\",\"url\":\"https:\\\/\\\/huettencrea.com\\\/aktualitasok\\\/\",\"name\":\"Aktual\u00edt\u00e1sok - H\u00fcttenCrea\",\"isPartOf\":{\"@id\":\"https:\\\/\\\/huettencrea.com\\\/#website\"},\"primaryImageOfPage\":{\"@id\":\"https:\\\/\\\/huettencrea.com\\\/aktualitasok\\\/#primaryimage\"},\"image\":{\"@id\":\"https:\\\/\\\/huettencrea.com\\\/aktualitasok\\\/#primaryimage\"},\"thumbnailUrl\":\"https:\\\/\\\/huettencrea.com\\\/wp-content\\\/uploads\\\/2026\\\/01\\\/5df88e5d317cd27132d28ef7-1024x1024.jpg\",\"datePublished\":\"2026-01-16T14:50:11+00:00\",\"dateModified\":\"2026-02-25T09:56:54+00:00\",\"breadcrumb\":{\"@id\":\"https:\\\/\\\/huettencrea.com\\\/aktualitasok\\\/#breadcrumb\"},\"inLanguage\":\"de\",\"potentialAction\":[{\"@type\":\"ReadAction\",\"target\":[\"https:\\\/\\\/huettencrea.com\\\/aktualitasok\\\/\"]}]},{\"@type\":\"ImageObject\",\"inLanguage\":\"de\",\"@id\":\"https:\\\/\\\/huettencrea.com\\\/aktualitasok\\\/#primaryimage\",\"url\":\"https:\\\/\\\/huettencrea.com\\\/wp-content\\\/uploads\\\/2026\\\/01\\\/5df88e5d317cd27132d28ef7-1024x1024.jpg\",\"contentUrl\":\"https:\\\/\\\/huettencrea.com\\\/wp-content\\\/uploads\\\/2026\\\/01\\\/5df88e5d317cd27132d28ef7-1024x1024.jpg\"},{\"@type\":\"BreadcrumbList\",\"@id\":\"https:\\\/\\\/huettencrea.com\\\/aktualitasok\\\/#breadcrumb\",\"itemListElement\":[{\"@type\":\"ListItem\",\"position\":1,\"name\":\"Kezd\u0151lap\",\"item\":\"https:\\\/\\\/huettencrea.com\\\/\"},{\"@type\":\"ListItem\",\"position\":2,\"name\":\"Aktual\u00edt\u00e1sok\"}]},{\"@type\":\"WebSite\",\"@id\":\"https:\\\/\\\/huettencrea.com\\\/#website\",\"url\":\"https:\\\/\\\/huettencrea.com\\\/\",\"name\":\"H\u00fcttenCrea\",\"description\":\"\",\"publisher\":{\"@id\":\"https:\\\/\\\/huettencrea.com\\\/#organization\"},\"potentialAction\":[{\"@type\":\"SearchAction\",\"target\":{\"@type\":\"EntryPoint\",\"urlTemplate\":\"https:\\\/\\\/huettencrea.com\\\/?s={search_term_string}\"},\"query-input\":{\"@type\":\"PropertyValueSpecification\",\"valueRequired\":true,\"valueName\":\"search_term_string\"}}],\"inLanguage\":\"de\"},{\"@type\":\"Organization\",\"@id\":\"https:\\\/\\\/huettencrea.com\\\/#organization\",\"name\":\"H\u00fcttenCrea\",\"url\":\"https:\\\/\\\/huettencrea.com\\\/\",\"logo\":{\"@type\":\"ImageObject\",\"inLanguage\":\"de\",\"@id\":\"https:\\\/\\\/huettencrea.com\\\/#\\\/schema\\\/logo\\\/image\\\/\",\"url\":\"https:\\\/\\\/huettencrea.com\\\/wp-content\\\/uploads\\\/2025\\\/09\\\/logo_huttencrea-scaled-removebg-preview.png\",\"contentUrl\":\"https:\\\/\\\/huettencrea.com\\\/wp-content\\\/uploads\\\/2025\\\/09\\\/logo_huttencrea-scaled-removebg-preview.png\",\"width\":970,\"height\":257,\"caption\":\"H\u00fcttenCrea\"},\"image\":{\"@id\":\"https:\\\/\\\/huettencrea.com\\\/#\\\/schema\\\/logo\\\/image\\\/\"}}]}<\/script>\n<!-- \/ Yoast SEO plugin. -->","yoast_head_json":{"title":"Aktualisierungen - H\u00fcttenCrea","robots":{"index":"index","follow":"follow","max-snippet":"max-snippet:-1","max-image-preview":"max-image-preview:large","max-video-preview":"max-video-preview:-1"},"canonical":"https:\/\/huettencrea.com\/de\/aktualisierungen\/","og_locale":"de_DE","og_type":"article","og_title":"Aktual\u00edt\u00e1sok - H\u00fcttenCrea","og_description":"Aktualit\u00e1sok \u2013 k\u00e9rd\u00e9sek, v\u00e1laszok, inspir\u00e1ci\u00f3k egy helyen K\u00edv\u00e1ncsi, hogyan v\u00e1lasszon biztons\u00e1gosan terasztet\u0151t vagy pergol\u00e1t? Felmer\u00fclt n\u00e9h\u00e1ny k\u00e9rd\u00e9se, miel\u0151tt belev\u00e1gna a projektbe Vagy egyszer\u0171en csak inspir\u00e1l\u00f3dna a leg\u00fajabb k\u00fclt\u00e9ri trendekr\u0151l? \u00a0 Az Aktualit\u00e1sok men\u00fcpontban mindent megtal\u00e1l, ami seg\u00edt a d\u00f6nt\u00e9sben: A Gyakran Ism\u00e9telt K\u00e9rd\u00e9sek k\u00f6z\u00f6tt \u00f6sszegy\u0171jt\u00f6tt\u00fck a legfontosabb tudnival\u00f3kat, amelyek \u00fcgyfeleinket leggyakrabban foglalkoztatj\u00e1k. A Blogban pedig [&hellip;]","og_url":"https:\/\/huettencrea.com\/de\/aktualisierungen\/","og_site_name":"H\u00fcttenCrea","article_modified_time":"2026-02-25T09:56:54+00:00","og_image":[{"url":"https:\/\/huettencrea.com\/wp-content\/uploads\/2026\/01\/5df88e5d317cd27132d28ef7-1024x1024.jpg","type":"","width":"","height":""}],"twitter_card":"summary_large_image","twitter_misc":{"Gesch\u00e4tzte Lesezeit":"1\u00a0Minute"},"schema":{"@context":"https:\/\/schema.org","@graph":[{"@type":"WebPage","@id":"https:\/\/huettencrea.com\/aktualitasok\/","url":"https:\/\/huettencrea.com\/aktualitasok\/","name":"Aktualisierungen - H\u00fcttenCrea","isPartOf":{"@id":"https:\/\/huettencrea.com\/#website"},"primaryImageOfPage":{"@id":"https:\/\/huettencrea.com\/aktualitasok\/#primaryimage"},"image":{"@id":"https:\/\/huettencrea.com\/aktualitasok\/#primaryimage"},"thumbnailUrl":"https:\/\/huettencrea.com\/wp-content\/uploads\/2026\/01\/5df88e5d317cd27132d28ef7-1024x1024.jpg","datePublished":"2026-01-16T14:50:11+00:00","dateModified":"2026-02-25T09:56:54+00:00","breadcrumb":{"@id":"https:\/\/huettencrea.com\/aktualitasok\/#breadcrumb"},"inLanguage":"de","potentialAction":[{"@type":"ReadAction","target":["https:\/\/huettencrea.com\/aktualitasok\/"]}]},{"@type":"ImageObject","inLanguage":"de","@id":"https:\/\/huettencrea.com\/aktualitasok\/#primaryimage","url":"https:\/\/huettencrea.com\/wp-content\/uploads\/2026\/01\/5df88e5d317cd27132d28ef7-1024x1024.jpg","contentUrl":"https:\/\/huettencrea.com\/wp-content\/uploads\/2026\/01\/5df88e5d317cd27132d28ef7-1024x1024.jpg"},{"@type":"BreadcrumbList","@id":"https:\/\/huettencrea.com\/aktualitasok\/#breadcrumb","itemListElement":[{"@type":"ListItem","position":1,"name":"Kezd\u0151lap","item":"https:\/\/huettencrea.com\/"},{"@type":"ListItem","position":2,"name":"Aktual\u00edt\u00e1sok"}]},{"@type":"WebSite","@id":"https:\/\/huettencrea.com\/#website","url":"https:\/\/huettencrea.com\/","name":"CottageCrea","description":"","publisher":{"@id":"https:\/\/huettencrea.com\/#organization"},"potentialAction":[{"@type":"SearchAction","target":{"@type":"EntryPoint","urlTemplate":"https:\/\/huettencrea.com\/?s={search_term_string}"},"query-input":{"@type":"PropertyValueSpecification","valueRequired":true,"valueName":"search_term_string"}}],"inLanguage":"de"},{"@type":"Organization","@id":"https:\/\/huettencrea.com\/#organization","name":"CottageCrea","url":"https:\/\/huettencrea.com\/","logo":{"@type":"ImageObject","inLanguage":"de","@id":"https:\/\/huettencrea.com\/#\/schema\/logo\/image\/","url":"https:\/\/huettencrea.com\/wp-content\/uploads\/2025\/09\/logo_huttencrea-scaled-removebg-preview.png","contentUrl":"https:\/\/huettencrea.com\/wp-content\/uploads\/2025\/09\/logo_huttencrea-scaled-removebg-preview.png","width":970,"height":257,"caption":"H\u00fcttenCrea"},"image":{"@id":"https:\/\/huettencrea.com\/#\/schema\/logo\/image\/"}}]}},"_links":{"self":[{"href":"https:\/\/huettencrea.com\/de\/wp-json\/wp\/v2\/pages\/1871","targetHints":{"allow":["GET"]}}],"collection":[{"href":"https:\/\/huettencrea.com\/de\/wp-json\/wp\/v2\/pages"}],"about":[{"href":"https:\/\/huettencrea.com\/de\/wp-json\/wp\/v2\/types\/page"}],"author":[{"embeddable":true,"href":"https:\/\/huettencrea.com\/de\/wp-json\/wp\/v2\/users\/12"}],"replies":[{"embeddable":true,"href":"https:\/\/huettencrea.com\/de\/wp-json\/wp\/v2\/comments?post=1871"}],"version-history":[{"count":5,"href":"https:\/\/huettencrea.com\/de\/wp-json\/wp\/v2\/pages\/1871\/revisions"}],"predecessor-version":[{"id":1914,"href":"https:\/\/huettencrea.com\/de\/wp-json\/wp\/v2\/pages\/1871\/revisions\/1914"}],"wp:attachment":[{"href":"https:\/\/huettencrea.com\/de\/wp-json\/wp\/v2\/media?parent=1871"}],"curies":[{"name":"wp","href":"https:\/\/api.w.org\/{rel}","templated":true}]}}