{"id":23,"date":"2025-09-28T10:55:58","date_gmt":"2025-09-28T10:55:58","guid":{"rendered":"https:\/\/huettencrea.com\/?page_id=23"},"modified":"2026-02-25T09:57:02","modified_gmt":"2026-02-25T09:57:02","slug":"unterhalten-von","status":"publish","type":"page","link":"https:\/\/huettencrea.com\/de\/szolgaltatasaink\/karbantartas\/","title":{"rendered":"Wartung"},"content":{"rendered":"<div data-elementor-type=\"wp-page\" data-elementor-id=\"23\" class=\"elementor elementor-23\" data-elementor-post-type=\"page\">\n\t\t\t\t<div class=\"elementor-element elementor-element-fa2cda7 e-flex e-con-boxed e-con e-child\" data-id=\"fa2cda7\" data-element_type=\"container\" data-e-type=\"container\" data-settings=\"{&quot;background_background&quot;:&quot;classic&quot;}\">\n\t\t\t\t\t<div class=\"e-con-inner\">\n\t\t<div class=\"elementor-element elementor-element-f0c222e e-con-full e-flex e-con e-child\" data-id=\"f0c222e\" data-element_type=\"container\" data-e-type=\"container\">\n\t\t\t\t<div class=\"elementor-element elementor-element-08c5280 elementor-widget elementor-widget-heading\" data-id=\"08c5280\" data-element_type=\"widget\" data-e-type=\"widget\" data-widget_type=\"heading.default\">\n\t\t\t\t\t<h2 class=\"elementor-heading-title elementor-size-default\">Wartung<\/h2>\t\t\t\t<\/div>\n\t\t\t\t<div class=\"elementor-element elementor-element-c3fe1a7 elementor-widget elementor-widget-text-editor\" data-id=\"c3fe1a7\" data-element_type=\"widget\" data-e-type=\"widget\" data-widget_type=\"text-editor.default\">\n\t\t\t\t\t\t\t\t\t<p><b>Langfristiger Schutz, ohne Kompromisse<\/b><\/p><p><span style=\"font-weight: 400;\">Eine professionelle Wartung verl\u00e4ngert die Lebensdauer unserer Au\u00dfenanlagen, bewahrt die \u00c4sthetik und sorgt f\u00fcr einen reibungslosen Betrieb - damit Ihre Terrasse immer wie neu aussieht.<\/span><b><br \/><\/b><b><br \/><\/b><\/p><p><span style=\"font-weight: 400;\">Bereits installierte Terrassen- und Verglasungssysteme werden Ihnen auf Dauer nur dann gute Dienste leisten, wenn die Wartung nach der Installation geplant und professionell durchgef\u00fchrt wird.<\/span><\/p>\t\t\t\t\t\t\t\t<\/div>\n\t\t\t\t<div class=\"elementor-element elementor-element-ded860f elementor-align-left elementor-tablet-align-center elementor-mobile-align-justify elementor-widget elementor-widget-button\" data-id=\"ded860f\" data-element_type=\"widget\" data-e-type=\"widget\" data-widget_type=\"button.default\">\n\t\t\t\t\t\t\t\t\t\t<a class=\"elementor-button elementor-button-link elementor-size-sm\" href=\"#\">\n\t\t\t\t\t\t<span class=\"elementor-button-content-wrapper\">\n\t\t\t\t\t\t\t\t\t<span class=\"elementor-button-text\">Anfrage<\/span>\n\t\t\t\t\t<\/span>\n\t\t\t\t\t<\/a>\n\t\t\t\t\t\t\t\t<\/div>\n\t\t\t\t<\/div>\n\t\t<div class=\"elementor-element elementor-element-8ae30c1 e-con-full e-flex e-con e-child\" data-id=\"8ae30c1\" data-element_type=\"container\" data-e-type=\"container\">\n\t\t\t\t<\/div>\n\t\t\t\t\t<\/div>\n\t\t\t\t<\/div>\n\t\t<div class=\"elementor-element elementor-element-2908a13 e-flex e-con-boxed e-con e-parent\" data-id=\"2908a13\" data-element_type=\"container\" data-e-type=\"container\">\n\t\t\t\t\t<div class=\"e-con-inner\">\n\t\t<div class=\"elementor-element elementor-element-94d41b0 e-con-full e-flex e-con e-child\" data-id=\"94d41b0\" data-element_type=\"container\" data-e-type=\"container\">\n\t\t<div class=\"elementor-element elementor-element-e0535cb e-con-full e-flex e-con e-child\" data-id=\"e0535cb\" data-element_type=\"container\" data-e-type=\"container\">\n\t\t\t\t<div class=\"elementor-element elementor-element-28283ab elementor-widget elementor-widget-heading\" data-id=\"28283ab\" data-element_type=\"widget\" data-e-type=\"widget\" data-widget_type=\"heading.default\">\n\t\t\t\t\t<h2 class=\"elementor-heading-title elementor-size-default\">Garantierte Wartung<\/h2>\t\t\t\t<\/div>\n\t\t\t\t<div class=\"elementor-element elementor-element-5da1b72 elementor-widget elementor-widget-text-editor\" data-id=\"5da1b72\" data-element_type=\"widget\" data-e-type=\"widget\" data-widget_type=\"text-editor.default\">\n\t\t\t\t\t\t\t\t\t<p><span style=\"font-weight: 400;\">Die Wartung w\u00e4hrend der zum Zeitpunkt der Lieferung vereinbarten Garantiezeit ist von entscheidender Bedeutung. Dazu geh\u00f6rt die \u00dcberpr\u00fcfung des Zustands der Beschattungsvorrichtungen, des Glases und der Aluminiumsysteme sowie deren Einstellung und Reparatur nach Bedarf. Dazu geh\u00f6ren die Schmierung der beweglichen Mechanismen, die Reinigung der Schienen, die Inspektion der Steuerger\u00e4te und die \u00dcberpr\u00fcfung der Befestigungselemente. Wenn dies rechtzeitig geschieht, werden Probleme, die sp\u00e4ter zu schwerwiegenden Ausf\u00e4llen f\u00fchren k\u00f6nnten, bei der regelm\u00e4\u00dfigen Nutzung nicht auftreten.<\/span><\/p>\t\t\t\t\t\t\t\t<\/div>\n\t\t\t\t<\/div>\n\t\t<div class=\"elementor-element elementor-element-5187d96 e-con-full e-flex e-con e-child\" data-id=\"5187d96\" data-element_type=\"container\" data-e-type=\"container\">\n\t\t\t\t<div class=\"elementor-element elementor-element-8c629ec elementor-invisible elementor-widget elementor-widget-image\" data-id=\"8c629ec\" data-element_type=\"widget\" data-e-type=\"widget\" data-settings=\"{&quot;_animation&quot;:&quot;fadeIn&quot;}\" data-widget_type=\"image.default\">\n\t\t\t\t\t\t\t\t\t\t\t\t\t\t\t<img fetchpriority=\"high\" decoding=\"async\" width=\"800\" height=\"800\" src=\"https:\/\/huettencrea.com\/wp-content\/uploads\/2025\/12\/KARBANTARTAS-FO-1-1024x1024.jpg\" class=\"attachment-large size-large wp-image-1395\" alt=\"\" srcset=\"https:\/\/huettencrea.com\/wp-content\/uploads\/2025\/12\/KARBANTARTAS-FO-1-1024x1024.jpg 1024w, https:\/\/huettencrea.com\/wp-content\/uploads\/2025\/12\/KARBANTARTAS-FO-1-300x300.jpg 300w, https:\/\/huettencrea.com\/wp-content\/uploads\/2025\/12\/KARBANTARTAS-FO-1-150x150.jpg 150w, https:\/\/huettencrea.com\/wp-content\/uploads\/2025\/12\/KARBANTARTAS-FO-1-768x768.jpg 768w, https:\/\/huettencrea.com\/wp-content\/uploads\/2025\/12\/KARBANTARTAS-FO-1.jpg 1500w\" sizes=\"(max-width: 800px) 100vw, 800px\" \/>\t\t\t\t\t\t\t\t\t\t\t\t\t\t\t<\/div>\n\t\t\t\t<\/div>\n\t\t\t\t<\/div>\n\t\t\t\t\t<\/div>\n\t\t\t\t<\/div>\n\t\t<div class=\"elementor-element elementor-element-57e2b3e e-flex e-con-boxed e-con e-parent\" data-id=\"57e2b3e\" data-element_type=\"container\" data-e-type=\"container\">\n\t\t\t\t\t<div class=\"e-con-inner\">\n\t\t<div class=\"elementor-element elementor-element-150386d e-con-full e-flex e-con e-child\" data-id=\"150386d\" data-element_type=\"container\" data-e-type=\"container\">\n\t\t<div class=\"elementor-element elementor-element-8d02720 e-con-full e-flex e-con e-child\" data-id=\"8d02720\" data-element_type=\"container\" data-e-type=\"container\">\n\t\t\t\t<div class=\"elementor-element elementor-element-7ea8f6c elementor-invisible elementor-widget elementor-widget-image\" data-id=\"7ea8f6c\" data-element_type=\"widget\" data-e-type=\"widget\" data-settings=\"{&quot;_animation&quot;:&quot;fadeIn&quot;}\" data-widget_type=\"image.default\">\n\t\t\t\t\t\t\t\t\t\t\t\t\t\t\t<img decoding=\"async\" width=\"800\" height=\"800\" src=\"https:\/\/huettencrea.com\/wp-content\/uploads\/2025\/12\/1-1-1024x1024.png\" class=\"attachment-large size-large wp-image-1399\" alt=\"\" srcset=\"https:\/\/huettencrea.com\/wp-content\/uploads\/2025\/12\/1-1-1024x1024.png 1024w, https:\/\/huettencrea.com\/wp-content\/uploads\/2025\/12\/1-1-300x300.png 300w, https:\/\/huettencrea.com\/wp-content\/uploads\/2025\/12\/1-1-150x150.png 150w, https:\/\/huettencrea.com\/wp-content\/uploads\/2025\/12\/1-1-768x768.png 768w, https:\/\/huettencrea.com\/wp-content\/uploads\/2025\/12\/1-1.png 1500w\" sizes=\"(max-width: 800px) 100vw, 800px\" \/>\t\t\t\t\t\t\t\t\t\t\t\t\t\t\t<\/div>\n\t\t\t\t<\/div>\n\t\t<div class=\"elementor-element elementor-element-0855809 e-con-full e-flex e-con e-child\" data-id=\"0855809\" data-element_type=\"container\" data-e-type=\"container\">\n\t\t\t\t<div class=\"elementor-element elementor-element-a073957 elementor-widget elementor-widget-heading\" data-id=\"a073957\" data-element_type=\"widget\" data-e-type=\"widget\" data-widget_type=\"heading.default\">\n\t\t\t\t\t<h2 class=\"elementor-heading-title elementor-size-default\">Nachr\u00fcstung und Ersatzteilaustausch<\/h2>\t\t\t\t<\/div>\n\t\t\t\t<div class=\"elementor-element elementor-element-334f8f3 elementor-widget elementor-widget-text-editor\" data-id=\"334f8f3\" data-element_type=\"widget\" data-e-type=\"widget\" data-widget_type=\"text-editor.default\">\n\t\t\t\t\t\t\t\t\t<p><span style=\"font-weight: 400;\">Auch nach Ablauf der Garantiezeit wird empfohlen, den Zustand des Systems jedes Jahr oder alle zwei Jahre zu \u00fcberpr\u00fcfen. Bei Rollos ist ein loser, vergrauter oder teilweise besch\u00e4digter Stoff ein Warnzeichen. In solchen F\u00e4llen kann ein Austausch des Stoffes, eine Nachjustierung der Schiene oder ein Austausch der Schnur gew\u00e4hrleistet werden. Bei verglasten Fl\u00e4chen ist es au\u00dferdem wichtig, den Sitz, die Abdichtung und die Entw\u00e4sserung der Seitenw\u00e4nde zu \u00fcberpr\u00fcfen - Unzul\u00e4nglichkeiten k\u00f6nnen den langfristigen Zustand des Geb\u00e4udes beeintr\u00e4chtigen.<\/span><\/p>\t\t\t\t\t\t\t\t<\/div>\n\t\t\t\t<\/div>\n\t\t\t\t<\/div>\n\t\t\t\t\t<\/div>\n\t\t\t\t<\/div>\n\t\t<div class=\"elementor-element elementor-element-aa06560 e-flex e-con-boxed e-con e-parent\" data-id=\"aa06560\" data-element_type=\"container\" data-e-type=\"container\">\n\t\t\t\t\t<div class=\"e-con-inner\">\n\t\t<div class=\"elementor-element elementor-element-c33a717 e-con-full e-flex e-con e-child\" data-id=\"c33a717\" data-element_type=\"container\" data-e-type=\"container\">\n\t\t<div class=\"elementor-element elementor-element-d6e2c57 e-con-full e-flex e-con e-child\" data-id=\"d6e2c57\" data-element_type=\"container\" data-e-type=\"container\">\n\t\t\t\t<div class=\"elementor-element elementor-element-f3b769c elementor-widget elementor-widget-heading\" data-id=\"f3b769c\" data-element_type=\"widget\" data-e-type=\"widget\" data-widget_type=\"heading.default\">\n\t\t\t\t\t<h2 class=\"elementor-heading-title elementor-size-default\">Empfehlung an den Kunden<\/h2>\t\t\t\t<\/div>\n\t\t\t\t<div class=\"elementor-element elementor-element-dfd49bf elementor-widget elementor-widget-text-editor\" data-id=\"dfd49bf\" data-element_type=\"widget\" data-e-type=\"widget\" data-widget_type=\"text-editor.default\">\n\t\t\t\t\t\t\t\t\t<p><span style=\"font-weight: 400;\">Wir empfehlen Ihnen, sich jetzt mit uns in Verbindung zu setzen, um einen Wartungsservice anzufordern - so stellen Sie sicher, dass Ihr System weiterhin optimal funktioniert und Sie rechtzeitig von den Vorteilen pr\u00e4ventiver Eingriffe profitieren k\u00f6nnen. Eine regelm\u00e4\u00dfige Wartung verbessert nicht nur den Komfort, sondern steigert auch den Wert Ihrer Immobilie.<\/span><span style=\"font-weight: 400;\"><br \/><\/span><span style=\"font-weight: 400;\"> Beschattungsstoffe k\u00f6nnen in der Regel nach 5-6 Jahren durchh\u00e4ngen und ihre Elastizit\u00e4t verlieren, wenn sie UV-Strahlung ausgesetzt sind, so dass Sie dann einen Austausch in Betracht ziehen sollten. Bei Glasd\u00e4chern und -elementen ist das Austauschintervall l\u00e4nger, aber nur, wenn sie regelm\u00e4\u00dfig gewartet wurden.<\/span><\/p>\t\t\t\t\t\t\t\t<\/div>\n\t\t\t\t<\/div>\n\t\t<div class=\"elementor-element elementor-element-147e0a7 e-con-full e-flex e-con e-child\" data-id=\"147e0a7\" data-element_type=\"container\" data-e-type=\"container\">\n\t\t\t\t<div class=\"elementor-element elementor-element-22596bd elementor-invisible elementor-widget elementor-widget-image\" data-id=\"22596bd\" data-element_type=\"widget\" data-e-type=\"widget\" data-settings=\"{&quot;_animation&quot;:&quot;fadeIn&quot;}\" data-widget_type=\"image.default\">\n\t\t\t\t\t\t\t\t\t\t\t\t\t\t\t<img decoding=\"async\" width=\"800\" height=\"800\" src=\"https:\/\/huettencrea.com\/wp-content\/uploads\/2025\/12\/2-1-1024x1024.png\" class=\"attachment-large size-large wp-image-1400\" alt=\"\" srcset=\"https:\/\/huettencrea.com\/wp-content\/uploads\/2025\/12\/2-1-1024x1024.png 1024w, https:\/\/huettencrea.com\/wp-content\/uploads\/2025\/12\/2-1-300x300.png 300w, https:\/\/huettencrea.com\/wp-content\/uploads\/2025\/12\/2-1-150x150.png 150w, https:\/\/huettencrea.com\/wp-content\/uploads\/2025\/12\/2-1-768x768.png 768w, https:\/\/huettencrea.com\/wp-content\/uploads\/2025\/12\/2-1.png 1500w\" sizes=\"(max-width: 800px) 100vw, 800px\" \/>\t\t\t\t\t\t\t\t\t\t\t\t\t\t\t<\/div>\n\t\t\t\t<\/div>\n\t\t\t\t<\/div>\n\t\t\t\t\t<\/div>\n\t\t\t\t<\/div>\n\t\t<div class=\"elementor-element elementor-element-eb172e7 e-flex e-con-boxed e-con e-parent\" data-id=\"eb172e7\" data-element_type=\"container\" data-e-type=\"container\">\n\t\t\t\t\t<div class=\"e-con-inner\">\n\t\t<div class=\"elementor-element elementor-element-6655486 e-con-full e-flex e-con e-child\" data-id=\"6655486\" data-element_type=\"container\" data-e-type=\"container\">\n\t\t<div class=\"elementor-element elementor-element-f1ae42f e-con-full e-flex e-con e-child\" data-id=\"f1ae42f\" data-element_type=\"container\" data-e-type=\"container\">\n\t\t\t\t<div class=\"elementor-element elementor-element-6b78ebf elementor-invisible elementor-widget elementor-widget-image\" data-id=\"6b78ebf\" data-element_type=\"widget\" data-e-type=\"widget\" data-settings=\"{&quot;_animation&quot;:&quot;fadeIn&quot;}\" data-widget_type=\"image.default\">\n\t\t\t\t\t\t\t\t\t\t\t\t\t\t\t<img loading=\"lazy\" decoding=\"async\" width=\"800\" height=\"800\" src=\"https:\/\/huettencrea.com\/wp-content\/uploads\/2025\/11\/Kepernyofoto-2025-11-12-13.36.38.png\" class=\"attachment-large size-large wp-image-996\" alt=\"\" srcset=\"https:\/\/huettencrea.com\/wp-content\/uploads\/2025\/11\/Kepernyofoto-2025-11-12-13.36.38.png 1000w, https:\/\/huettencrea.com\/wp-content\/uploads\/2025\/11\/Kepernyofoto-2025-11-12-13.36.38-300x300.png 300w, https:\/\/huettencrea.com\/wp-content\/uploads\/2025\/11\/Kepernyofoto-2025-11-12-13.36.38-150x150.png 150w, https:\/\/huettencrea.com\/wp-content\/uploads\/2025\/11\/Kepernyofoto-2025-11-12-13.36.38-768x768.png 768w\" sizes=\"(max-width: 800px) 100vw, 800px\" \/>\t\t\t\t\t\t\t\t\t\t\t\t\t\t\t<\/div>\n\t\t\t\t<\/div>\n\t\t<div class=\"elementor-element elementor-element-4b0beda e-con-full e-flex e-con e-child\" data-id=\"4b0beda\" data-element_type=\"container\" data-e-type=\"container\">\n\t\t\t\t<div class=\"elementor-element elementor-element-400154c elementor-widget elementor-widget-heading\" data-id=\"400154c\" data-element_type=\"widget\" data-e-type=\"widget\" data-widget_type=\"heading.default\">\n\t\t\t\t\t<h2 class=\"elementor-heading-title elementor-size-default\">Warum sollten Sie uns w\u00e4hlen?<\/h2>\t\t\t\t<\/div>\n\t\t\t\t<div class=\"elementor-element elementor-element-4dff608 elementor-widget elementor-widget-text-editor\" data-id=\"4dff608\" data-element_type=\"widget\" data-e-type=\"widget\" data-widget_type=\"text-editor.default\">\n\t\t\t\t\t\t\t\t\t<p><span style=\"font-weight: 400;\">Unser Unternehmen k\u00fcmmert sich nicht nur um die Planung und den Bau, sondern auch um die anschlie\u00dfenden betrieblichen Belange. Von der Garantiewartung bis zum Austausch von Teilen, von der Feinabstimmung von Beschattungsmechanismen bis zum Umbau von Verglasungssystemen - wir bieten ein komplettes Leistungsspektrum aus einer Hand. F\u00fcr unsere Kunden bedeutet dies, dass sie vorrangig Unterst\u00fctzung f\u00fcr den langfristigen Betrieb der get\u00e4tigten Investition erhalten.<\/span><\/p>\t\t\t\t\t\t\t\t<\/div>\n\t\t\t\t<\/div>\n\t\t\t\t<\/div>\n\t\t\t\t\t<\/div>\n\t\t\t\t<\/div>\n\t\t\t\t<\/div>","protected":false},"excerpt":{"rendered":"<p>Karbantart\u00e1s Hossz\u00fa t\u00e1v\u00fa v\u00e9delem, kompromisszumok n\u00e9lk\u00fcl A professzion\u00e1lis karbantart\u00e1s meghosszabb\u00edtja k\u00fclt\u00e9ri rendszereink \u00e9lettartam\u00e1t, meg\u0151rzi az eszt\u00e9tik\u00e1t \u00e9s biztos\u00edtja a zavartalan m\u0171k\u00f6d\u00e9st \u2013 hogy terasza mindig olyan legyen, mint \u00fajkor\u00e1ban. A m\u00e1r be\u00e9p\u00edtett teraszfed\u00e9sek \u00e9s \u00fcvegfalas rendszerek akkor szolg\u00e1lnak hossz\u00fa t\u00e1von zavartalanul, ha a kivitelez\u00e9s ut\u00e1n a karbantart\u00e1s is tervezett \u00e9s szakszer\u0171. K\u00e9rjen aj\u00e1nlatot Garanci\u00e1lis karbantart\u00e1s [&hellip;]<\/p>\n","protected":false},"author":12,"featured_media":0,"parent":52,"menu_order":0,"comment_status":"closed","ping_status":"closed","template":"elementor_header_footer","meta":{"footnotes":""},"class_list":["post-23","page","type-page","status-publish","hentry"],"yoast_head":"<!-- This site is optimized with the Yoast SEO plugin v27.5 - https:\/\/yoast.com\/product\/yoast-seo-wordpress\/ -->\n<title>Karbantart\u00e1s - H\u00fcttenCrea<\/title>\n<meta name=\"robots\" content=\"index, follow, max-snippet:-1, max-image-preview:large, max-video-preview:-1\" \/>\n<link rel=\"canonical\" href=\"https:\/\/huettencrea.com\/de\/unsere-service-tatas\/unterhalten-von\/\" \/>\n<meta property=\"og:locale\" content=\"de_DE\" \/>\n<meta property=\"og:type\" content=\"article\" \/>\n<meta property=\"og:title\" content=\"Karbantart\u00e1s - H\u00fcttenCrea\" \/>\n<meta property=\"og:description\" content=\"Karbantart\u00e1s Hossz\u00fa t\u00e1v\u00fa v\u00e9delem, kompromisszumok n\u00e9lk\u00fcl A professzion\u00e1lis karbantart\u00e1s meghosszabb\u00edtja k\u00fclt\u00e9ri rendszereink \u00e9lettartam\u00e1t, meg\u0151rzi az eszt\u00e9tik\u00e1t \u00e9s biztos\u00edtja a zavartalan m\u0171k\u00f6d\u00e9st \u2013 hogy terasza mindig olyan legyen, mint \u00fajkor\u00e1ban. A m\u00e1r be\u00e9p\u00edtett teraszfed\u00e9sek \u00e9s \u00fcvegfalas rendszerek akkor szolg\u00e1lnak hossz\u00fa t\u00e1von zavartalanul, ha a kivitelez\u00e9s ut\u00e1n a karbantart\u00e1s is tervezett \u00e9s szakszer\u0171. K\u00e9rjen aj\u00e1nlatot Garanci\u00e1lis karbantart\u00e1s [&hellip;]\" \/>\n<meta property=\"og:url\" content=\"https:\/\/huettencrea.com\/de\/unsere-service-tatas\/unterhalten-von\/\" \/>\n<meta property=\"og:site_name\" content=\"H\u00fcttenCrea\" \/>\n<meta property=\"article:modified_time\" content=\"2026-02-25T09:57:02+00:00\" \/>\n<meta property=\"og:image\" content=\"https:\/\/huettencrea.com\/wp-content\/uploads\/2025\/12\/KARBANTARTAS-FO-1-1024x1024.jpg\" \/>\n<meta name=\"twitter:card\" content=\"summary_large_image\" \/>\n<meta name=\"twitter:label1\" content=\"Gesch\u00e4tzte Lesezeit\" \/>\n\t<meta name=\"twitter:data1\" content=\"2\u00a0Minuten\" \/>\n<script type=\"application\/ld+json\" class=\"yoast-schema-graph\">{\"@context\":\"https:\\\/\\\/schema.org\",\"@graph\":[{\"@type\":\"WebPage\",\"@id\":\"https:\\\/\\\/huettencrea.com\\\/szolgaltatasaink\\\/karbantartas\\\/\",\"url\":\"https:\\\/\\\/huettencrea.com\\\/szolgaltatasaink\\\/karbantartas\\\/\",\"name\":\"Karbantart\u00e1s - H\u00fcttenCrea\",\"isPartOf\":{\"@id\":\"https:\\\/\\\/huettencrea.com\\\/#website\"},\"primaryImageOfPage\":{\"@id\":\"https:\\\/\\\/huettencrea.com\\\/szolgaltatasaink\\\/karbantartas\\\/#primaryimage\"},\"image\":{\"@id\":\"https:\\\/\\\/huettencrea.com\\\/szolgaltatasaink\\\/karbantartas\\\/#primaryimage\"},\"thumbnailUrl\":\"https:\\\/\\\/huettencrea.com\\\/wp-content\\\/uploads\\\/2025\\\/12\\\/KARBANTARTAS-FO-1-1024x1024.jpg\",\"datePublished\":\"2025-09-28T10:55:58+00:00\",\"dateModified\":\"2026-02-25T09:57:02+00:00\",\"breadcrumb\":{\"@id\":\"https:\\\/\\\/huettencrea.com\\\/szolgaltatasaink\\\/karbantartas\\\/#breadcrumb\"},\"inLanguage\":\"de\",\"potentialAction\":[{\"@type\":\"ReadAction\",\"target\":[\"https:\\\/\\\/huettencrea.com\\\/szolgaltatasaink\\\/karbantartas\\\/\"]}]},{\"@type\":\"ImageObject\",\"inLanguage\":\"de\",\"@id\":\"https:\\\/\\\/huettencrea.com\\\/szolgaltatasaink\\\/karbantartas\\\/#primaryimage\",\"url\":\"https:\\\/\\\/huettencrea.com\\\/wp-content\\\/uploads\\\/2025\\\/12\\\/KARBANTARTAS-FO-1-1024x1024.jpg\",\"contentUrl\":\"https:\\\/\\\/huettencrea.com\\\/wp-content\\\/uploads\\\/2025\\\/12\\\/KARBANTARTAS-FO-1-1024x1024.jpg\"},{\"@type\":\"BreadcrumbList\",\"@id\":\"https:\\\/\\\/huettencrea.com\\\/szolgaltatasaink\\\/karbantartas\\\/#breadcrumb\",\"itemListElement\":[{\"@type\":\"ListItem\",\"position\":1,\"name\":\"Kezd\u0151lap\",\"item\":\"https:\\\/\\\/huettencrea.com\\\/\"},{\"@type\":\"ListItem\",\"position\":2,\"name\":\"Szolg\u00e1ltat\u00e1saink\",\"item\":\"https:\\\/\\\/huettencrea.com\\\/szolgaltatasaink\\\/\"},{\"@type\":\"ListItem\",\"position\":3,\"name\":\"Karbantart\u00e1s\"}]},{\"@type\":\"WebSite\",\"@id\":\"https:\\\/\\\/huettencrea.com\\\/#website\",\"url\":\"https:\\\/\\\/huettencrea.com\\\/\",\"name\":\"H\u00fcttenCrea\",\"description\":\"\",\"publisher\":{\"@id\":\"https:\\\/\\\/huettencrea.com\\\/#organization\"},\"potentialAction\":[{\"@type\":\"SearchAction\",\"target\":{\"@type\":\"EntryPoint\",\"urlTemplate\":\"https:\\\/\\\/huettencrea.com\\\/?s={search_term_string}\"},\"query-input\":{\"@type\":\"PropertyValueSpecification\",\"valueRequired\":true,\"valueName\":\"search_term_string\"}}],\"inLanguage\":\"de\"},{\"@type\":\"Organization\",\"@id\":\"https:\\\/\\\/huettencrea.com\\\/#organization\",\"name\":\"H\u00fcttenCrea\",\"url\":\"https:\\\/\\\/huettencrea.com\\\/\",\"logo\":{\"@type\":\"ImageObject\",\"inLanguage\":\"de\",\"@id\":\"https:\\\/\\\/huettencrea.com\\\/#\\\/schema\\\/logo\\\/image\\\/\",\"url\":\"https:\\\/\\\/huettencrea.com\\\/wp-content\\\/uploads\\\/2025\\\/09\\\/logo_huttencrea-scaled-removebg-preview.png\",\"contentUrl\":\"https:\\\/\\\/huettencrea.com\\\/wp-content\\\/uploads\\\/2025\\\/09\\\/logo_huttencrea-scaled-removebg-preview.png\",\"width\":970,\"height\":257,\"caption\":\"H\u00fcttenCrea\"},\"image\":{\"@id\":\"https:\\\/\\\/huettencrea.com\\\/#\\\/schema\\\/logo\\\/image\\\/\"}}]}<\/script>\n<!-- \/ Yoast SEO plugin. -->","yoast_head_json":{"title":"Wartung - H\u00fcttenCrea","robots":{"index":"index","follow":"follow","max-snippet":"max-snippet:-1","max-image-preview":"max-image-preview:large","max-video-preview":"max-video-preview:-1"},"canonical":"https:\/\/huettencrea.com\/de\/unsere-service-tatas\/unterhalten-von\/","og_locale":"de_DE","og_type":"article","og_title":"Karbantart\u00e1s - H\u00fcttenCrea","og_description":"Karbantart\u00e1s Hossz\u00fa t\u00e1v\u00fa v\u00e9delem, kompromisszumok n\u00e9lk\u00fcl A professzion\u00e1lis karbantart\u00e1s meghosszabb\u00edtja k\u00fclt\u00e9ri rendszereink \u00e9lettartam\u00e1t, meg\u0151rzi az eszt\u00e9tik\u00e1t \u00e9s biztos\u00edtja a zavartalan m\u0171k\u00f6d\u00e9st \u2013 hogy terasza mindig olyan legyen, mint \u00fajkor\u00e1ban. A m\u00e1r be\u00e9p\u00edtett teraszfed\u00e9sek \u00e9s \u00fcvegfalas rendszerek akkor szolg\u00e1lnak hossz\u00fa t\u00e1von zavartalanul, ha a kivitelez\u00e9s ut\u00e1n a karbantart\u00e1s is tervezett \u00e9s szakszer\u0171. K\u00e9rjen aj\u00e1nlatot Garanci\u00e1lis karbantart\u00e1s [&hellip;]","og_url":"https:\/\/huettencrea.com\/de\/unsere-service-tatas\/unterhalten-von\/","og_site_name":"H\u00fcttenCrea","article_modified_time":"2026-02-25T09:57:02+00:00","og_image":[{"url":"https:\/\/huettencrea.com\/wp-content\/uploads\/2025\/12\/KARBANTARTAS-FO-1-1024x1024.jpg","type":"","width":"","height":""}],"twitter_card":"summary_large_image","twitter_misc":{"Gesch\u00e4tzte Lesezeit":"2\u00a0Minuten"},"schema":{"@context":"https:\/\/schema.org","@graph":[{"@type":"WebPage","@id":"https:\/\/huettencrea.com\/szolgaltatasaink\/karbantartas\/","url":"https:\/\/huettencrea.com\/szolgaltatasaink\/karbantartas\/","name":"Wartung - H\u00fcttenCrea","isPartOf":{"@id":"https:\/\/huettencrea.com\/#website"},"primaryImageOfPage":{"@id":"https:\/\/huettencrea.com\/szolgaltatasaink\/karbantartas\/#primaryimage"},"image":{"@id":"https:\/\/huettencrea.com\/szolgaltatasaink\/karbantartas\/#primaryimage"},"thumbnailUrl":"https:\/\/huettencrea.com\/wp-content\/uploads\/2025\/12\/KARBANTARTAS-FO-1-1024x1024.jpg","datePublished":"2025-09-28T10:55:58+00:00","dateModified":"2026-02-25T09:57:02+00:00","breadcrumb":{"@id":"https:\/\/huettencrea.com\/szolgaltatasaink\/karbantartas\/#breadcrumb"},"inLanguage":"de","potentialAction":[{"@type":"ReadAction","target":["https:\/\/huettencrea.com\/szolgaltatasaink\/karbantartas\/"]}]},{"@type":"ImageObject","inLanguage":"de","@id":"https:\/\/huettencrea.com\/szolgaltatasaink\/karbantartas\/#primaryimage","url":"https:\/\/huettencrea.com\/wp-content\/uploads\/2025\/12\/KARBANTARTAS-FO-1-1024x1024.jpg","contentUrl":"https:\/\/huettencrea.com\/wp-content\/uploads\/2025\/12\/KARBANTARTAS-FO-1-1024x1024.jpg"},{"@type":"BreadcrumbList","@id":"https:\/\/huettencrea.com\/szolgaltatasaink\/karbantartas\/#breadcrumb","itemListElement":[{"@type":"ListItem","position":1,"name":"Kezd\u0151lap","item":"https:\/\/huettencrea.com\/"},{"@type":"ListItem","position":2,"name":"Szolg\u00e1ltat\u00e1saink","item":"https:\/\/huettencrea.com\/szolgaltatasaink\/"},{"@type":"ListItem","position":3,"name":"Karbantart\u00e1s"}]},{"@type":"WebSite","@id":"https:\/\/huettencrea.com\/#website","url":"https:\/\/huettencrea.com\/","name":"CottageCrea","description":"","publisher":{"@id":"https:\/\/huettencrea.com\/#organization"},"potentialAction":[{"@type":"SearchAction","target":{"@type":"EntryPoint","urlTemplate":"https:\/\/huettencrea.com\/?s={search_term_string}"},"query-input":{"@type":"PropertyValueSpecification","valueRequired":true,"valueName":"search_term_string"}}],"inLanguage":"de"},{"@type":"Organization","@id":"https:\/\/huettencrea.com\/#organization","name":"CottageCrea","url":"https:\/\/huettencrea.com\/","logo":{"@type":"ImageObject","inLanguage":"de","@id":"https:\/\/huettencrea.com\/#\/schema\/logo\/image\/","url":"https:\/\/huettencrea.com\/wp-content\/uploads\/2025\/09\/logo_huttencrea-scaled-removebg-preview.png","contentUrl":"https:\/\/huettencrea.com\/wp-content\/uploads\/2025\/09\/logo_huttencrea-scaled-removebg-preview.png","width":970,"height":257,"caption":"H\u00fcttenCrea"},"image":{"@id":"https:\/\/huettencrea.com\/#\/schema\/logo\/image\/"}}]}},"_links":{"self":[{"href":"https:\/\/huettencrea.com\/de\/wp-json\/wp\/v2\/pages\/23","targetHints":{"allow":["GET"]}}],"collection":[{"href":"https:\/\/huettencrea.com\/de\/wp-json\/wp\/v2\/pages"}],"about":[{"href":"https:\/\/huettencrea.com\/de\/wp-json\/wp\/v2\/types\/page"}],"author":[{"embeddable":true,"href":"https:\/\/huettencrea.com\/de\/wp-json\/wp\/v2\/users\/12"}],"replies":[{"embeddable":true,"href":"https:\/\/huettencrea.com\/de\/wp-json\/wp\/v2\/comments?post=23"}],"version-history":[{"count":8,"href":"https:\/\/huettencrea.com\/de\/wp-json\/wp\/v2\/pages\/23\/revisions"}],"predecessor-version":[{"id":2096,"href":"https:\/\/huettencrea.com\/de\/wp-json\/wp\/v2\/pages\/23\/revisions\/2096"}],"up":[{"embeddable":true,"href":"https:\/\/huettencrea.com\/de\/wp-json\/wp\/v2\/pages\/52"}],"wp:attachment":[{"href":"https:\/\/huettencrea.com\/de\/wp-json\/wp\/v2\/media?parent=23"}],"curies":[{"name":"wp","href":"https:\/\/api.w.org\/{rel}","templated":true}]}}