{"id":25,"date":"2025-09-28T10:56:08","date_gmt":"2025-09-28T10:56:08","guid":{"rendered":"https:\/\/huettencrea.com\/?page_id=25"},"modified":"2026-02-25T09:56:56","modified_gmt":"2026-02-25T09:56:56","slug":"galerie","status":"publish","type":"page","link":"https:\/\/huettencrea.com\/de\/galeria\/","title":{"rendered":"Galerie"},"content":{"rendered":"<div data-elementor-type=\"wp-page\" data-elementor-id=\"25\" class=\"elementor elementor-25\" data-elementor-post-type=\"page\">\n\t\t\t\t<div class=\"elementor-element elementor-element-7f4b845 e-flex e-con-boxed e-con e-child\" data-id=\"7f4b845\" data-element_type=\"container\" data-e-type=\"container\" data-settings=\"{&quot;background_background&quot;:&quot;classic&quot;}\">\n\t\t\t\t\t<div class=\"e-con-inner\">\n\t\t<div class=\"elementor-element elementor-element-7074662 e-con-full e-flex e-con e-child\" data-id=\"7074662\" data-element_type=\"container\" data-e-type=\"container\">\n\t\t\t\t<div class=\"elementor-element elementor-element-1589a03 elementor-widget elementor-widget-heading\" data-id=\"1589a03\" data-element_type=\"widget\" data-e-type=\"widget\" data-widget_type=\"heading.default\">\n\t\t\t\t\t<h2 class=\"elementor-heading-title elementor-size-default\">Jedes Projekt ist einzigartig - werfen Sie einen Blick hinter die Kulissen!<\/h2>\t\t\t\t<\/div>\n\t\t\t\t<div class=\"elementor-element elementor-element-21f046e elementor-widget elementor-widget-text-editor\" data-id=\"21f046e\" data-element_type=\"widget\" data-e-type=\"widget\" data-widget_type=\"text-editor.default\">\n\t\t\t\t\t\t\t\t\t<p data-start=\"498\" data-end=\"752\"><span style=\"font-weight: 400;\">Werfen Sie einen Blick in unsere Galerie, um einen Eindruck von unseren aktuellen Projekten sowie von unseren abgeschlossenen, hochwertigen Pergola-, Terrassen- und Glaswandprojekten zu erhalten.<\/span><span style=\"font-weight: 400;\"><br \/><\/span><span style=\"font-weight: 400;\">Jede einzelne Installation wird mit gr\u00f6\u00dfter Sorgfalt, pr\u00e4ziser Planung und akribischer Handwerkskunst ausgef\u00fchrt - vom ersten Schritt bis zum letzten Schliff.<\/span><span style=\"font-weight: 400;\"><br \/><\/span><\/p>\t\t\t\t\t\t\t\t<\/div>\n\t\t\t\t<div class=\"elementor-element elementor-element-0b56fad elementor-align-left elementor-tablet-align-center elementor-mobile-align-justify elementor-widget elementor-widget-button\" data-id=\"0b56fad\" data-element_type=\"widget\" data-e-type=\"widget\" data-widget_type=\"button.default\">\n\t\t\t\t\t\t\t\t\t\t<a class=\"elementor-button elementor-button-link elementor-size-sm\" href=\"https:\/\/huettencrea.com\/de\/galerie\/mit-epitheta\/\">\n\t\t\t\t\t\t<span class=\"elementor-button-content-wrapper\">\n\t\t\t\t\t\t\t\t\t<span class=\"elementor-button-text\">Schnappsch\u00fcsse w\u00e4hrend der Bauarbeiten<\/span>\n\t\t\t\t\t<\/span>\n\t\t\t\t\t<\/a>\n\t\t\t\t\t\t\t\t<\/div>\n\t\t\t\t<div class=\"elementor-element elementor-element-0edba80 elementor-align-left elementor-tablet-align-center elementor-mobile-align-justify elementor-widget elementor-widget-button\" data-id=\"0edba80\" data-element_type=\"widget\" data-e-type=\"widget\" data-widget_type=\"button.default\">\n\t\t\t\t\t\t\t\t\t\t<a class=\"elementor-button elementor-button-link elementor-size-sm\" href=\"https:\/\/huettencrea.com\/de\/galerie\/unsere-verkorksten-projekte\/\">\n\t\t\t\t\t\t<span class=\"elementor-button-content-wrapper\">\n\t\t\t\t\t\t\t\t\t<span class=\"elementor-button-text\">Unsere abgeschlossenen Referenzprojekte<\/span>\n\t\t\t\t\t<\/span>\n\t\t\t\t\t<\/a>\n\t\t\t\t\t\t\t\t<\/div>\n\t\t\t\t<\/div>\n\t\t<div class=\"elementor-element elementor-element-d1ee6df e-con-full e-flex e-con e-child\" data-id=\"d1ee6df\" data-element_type=\"container\" data-e-type=\"container\">\n\t\t\t\t<\/div>\n\t\t\t\t\t<\/div>\n\t\t\t\t<\/div>\n\t\t\t\t<\/div>","protected":false},"excerpt":{"rendered":"<p>Jedes Projekt ist einzigartig - werfen Sie einen Blick hinter die Kulissen! Werfen Sie einen Blick in unsere Galerie, um sich ein Bild von unseren laufenden und abgeschlossenen Pergola-, Terrassen- und Glaswandprojekten zu machen, die wir mit gr\u00f6\u00dfter Sorgfalt, pr\u00e4ziser Planung und handwerklichem Geschick realisieren - vom ersten Schritt bis zum letzten Schliff. Schnappsch\u00fcsse w\u00e4hrend des Baus Unsere abgeschlossenen Referenzprojekte<\/p>","protected":false},"author":12,"featured_media":0,"parent":0,"menu_order":0,"comment_status":"closed","ping_status":"closed","template":"elementor_header_footer","meta":{"footnotes":""},"class_list":["post-25","page","type-page","status-publish","hentry"],"yoast_head":"<!-- This site is optimized with the Yoast SEO plugin v27.5 - https:\/\/yoast.com\/product\/yoast-seo-wordpress\/ -->\n<title>Gal\u00e9ria - H\u00fcttenCrea<\/title>\n<meta name=\"robots\" content=\"index, follow, max-snippet:-1, max-image-preview:large, max-video-preview:-1\" \/>\n<link rel=\"canonical\" href=\"https:\/\/huettencrea.com\/de\/galerie\/\" \/>\n<meta property=\"og:locale\" content=\"de_DE\" \/>\n<meta property=\"og:type\" content=\"article\" \/>\n<meta property=\"og:title\" content=\"Gal\u00e9ria - H\u00fcttenCrea\" \/>\n<meta property=\"og:description\" content=\"Minden projekt egyedi \u2013 n\u00e9zzen be a kulissz\u00e1k m\u00f6g\u00e9! Tekintse meg gal\u00e9ri\u00e1nkat, ahol bepillant\u00e1st nyerhet folyamatban l\u00e9v\u0151 kivitelez\u00e9seinkbe, valamint elk\u00e9sz\u00fclt, pr\u00e9mium min\u0151s\u00e9g\u0171 pergola-, terasztet\u0151- \u00e9s \u00fcvegfalas projektjeinkbe.Minden egyes be\u00e9p\u00edt\u00e9s\u00fcnket maxim\u00e1lis odafigyel\u00e9ssel, prec\u00edz tervez\u00e9ssel \u00e9s k\u00e9zm\u0171ves alaposs\u00e1ggal val\u00f3s\u00edtjuk meg \u2013 az els\u0151 l\u00e9p\u00e9st\u0151l az utols\u00f3 sim\u00edt\u00e1sig. \u00c9p\u00edt\u00e9s k\u00f6zbeni pillanatk\u00e9pek Elk\u00e9sz\u00fclt referencia-projektjeink\" \/>\n<meta property=\"og:url\" content=\"https:\/\/huettencrea.com\/de\/galerie\/\" \/>\n<meta property=\"og:site_name\" content=\"H\u00fcttenCrea\" \/>\n<meta property=\"article:modified_time\" content=\"2026-02-25T09:56:56+00:00\" \/>\n<meta name=\"twitter:card\" content=\"summary_large_image\" \/>\n<meta name=\"twitter:label1\" content=\"Gesch\u00e4tzte Lesezeit\" \/>\n\t<meta name=\"twitter:data1\" content=\"1\u00a0Minute\" \/>\n<script type=\"application\/ld+json\" class=\"yoast-schema-graph\">{\"@context\":\"https:\\\/\\\/schema.org\",\"@graph\":[{\"@type\":\"WebPage\",\"@id\":\"https:\\\/\\\/huettencrea.com\\\/galeria\\\/\",\"url\":\"https:\\\/\\\/huettencrea.com\\\/galeria\\\/\",\"name\":\"Gal\u00e9ria - H\u00fcttenCrea\",\"isPartOf\":{\"@id\":\"https:\\\/\\\/huettencrea.com\\\/#website\"},\"datePublished\":\"2025-09-28T10:56:08+00:00\",\"dateModified\":\"2026-02-25T09:56:56+00:00\",\"breadcrumb\":{\"@id\":\"https:\\\/\\\/huettencrea.com\\\/galeria\\\/#breadcrumb\"},\"inLanguage\":\"de\",\"potentialAction\":[{\"@type\":\"ReadAction\",\"target\":[\"https:\\\/\\\/huettencrea.com\\\/galeria\\\/\"]}]},{\"@type\":\"BreadcrumbList\",\"@id\":\"https:\\\/\\\/huettencrea.com\\\/galeria\\\/#breadcrumb\",\"itemListElement\":[{\"@type\":\"ListItem\",\"position\":1,\"name\":\"Kezd\u0151lap\",\"item\":\"https:\\\/\\\/huettencrea.com\\\/\"},{\"@type\":\"ListItem\",\"position\":2,\"name\":\"Gal\u00e9ria\"}]},{\"@type\":\"WebSite\",\"@id\":\"https:\\\/\\\/huettencrea.com\\\/#website\",\"url\":\"https:\\\/\\\/huettencrea.com\\\/\",\"name\":\"H\u00fcttenCrea\",\"description\":\"\",\"publisher\":{\"@id\":\"https:\\\/\\\/huettencrea.com\\\/#organization\"},\"potentialAction\":[{\"@type\":\"SearchAction\",\"target\":{\"@type\":\"EntryPoint\",\"urlTemplate\":\"https:\\\/\\\/huettencrea.com\\\/?s={search_term_string}\"},\"query-input\":{\"@type\":\"PropertyValueSpecification\",\"valueRequired\":true,\"valueName\":\"search_term_string\"}}],\"inLanguage\":\"de\"},{\"@type\":\"Organization\",\"@id\":\"https:\\\/\\\/huettencrea.com\\\/#organization\",\"name\":\"H\u00fcttenCrea\",\"url\":\"https:\\\/\\\/huettencrea.com\\\/\",\"logo\":{\"@type\":\"ImageObject\",\"inLanguage\":\"de\",\"@id\":\"https:\\\/\\\/huettencrea.com\\\/#\\\/schema\\\/logo\\\/image\\\/\",\"url\":\"https:\\\/\\\/huettencrea.com\\\/wp-content\\\/uploads\\\/2025\\\/09\\\/logo_huttencrea-scaled-removebg-preview.png\",\"contentUrl\":\"https:\\\/\\\/huettencrea.com\\\/wp-content\\\/uploads\\\/2025\\\/09\\\/logo_huttencrea-scaled-removebg-preview.png\",\"width\":970,\"height\":257,\"caption\":\"H\u00fcttenCrea\"},\"image\":{\"@id\":\"https:\\\/\\\/huettencrea.com\\\/#\\\/schema\\\/logo\\\/image\\\/\"}}]}<\/script>\n<!-- \/ Yoast SEO plugin. -->","yoast_head_json":{"title":"Galerie - H\u00fcttenCrea","robots":{"index":"index","follow":"follow","max-snippet":"max-snippet:-1","max-image-preview":"max-image-preview:large","max-video-preview":"max-video-preview:-1"},"canonical":"https:\/\/huettencrea.com\/de\/galerie\/","og_locale":"de_DE","og_type":"article","og_title":"Gal\u00e9ria - H\u00fcttenCrea","og_description":"Minden projekt egyedi \u2013 n\u00e9zzen be a kulissz\u00e1k m\u00f6g\u00e9! Tekintse meg gal\u00e9ri\u00e1nkat, ahol bepillant\u00e1st nyerhet folyamatban l\u00e9v\u0151 kivitelez\u00e9seinkbe, valamint elk\u00e9sz\u00fclt, pr\u00e9mium min\u0151s\u00e9g\u0171 pergola-, terasztet\u0151- \u00e9s \u00fcvegfalas projektjeinkbe.Minden egyes be\u00e9p\u00edt\u00e9s\u00fcnket maxim\u00e1lis odafigyel\u00e9ssel, prec\u00edz tervez\u00e9ssel \u00e9s k\u00e9zm\u0171ves alaposs\u00e1ggal val\u00f3s\u00edtjuk meg \u2013 az els\u0151 l\u00e9p\u00e9st\u0151l az utols\u00f3 sim\u00edt\u00e1sig. \u00c9p\u00edt\u00e9s k\u00f6zbeni pillanatk\u00e9pek Elk\u00e9sz\u00fclt referencia-projektjeink","og_url":"https:\/\/huettencrea.com\/de\/galerie\/","og_site_name":"H\u00fcttenCrea","article_modified_time":"2026-02-25T09:56:56+00:00","twitter_card":"summary_large_image","twitter_misc":{"Gesch\u00e4tzte Lesezeit":"1\u00a0Minute"},"schema":{"@context":"https:\/\/schema.org","@graph":[{"@type":"WebPage","@id":"https:\/\/huettencrea.com\/galeria\/","url":"https:\/\/huettencrea.com\/galeria\/","name":"Galerie - H\u00fcttenCrea","isPartOf":{"@id":"https:\/\/huettencrea.com\/#website"},"datePublished":"2025-09-28T10:56:08+00:00","dateModified":"2026-02-25T09:56:56+00:00","breadcrumb":{"@id":"https:\/\/huettencrea.com\/galeria\/#breadcrumb"},"inLanguage":"de","potentialAction":[{"@type":"ReadAction","target":["https:\/\/huettencrea.com\/galeria\/"]}]},{"@type":"BreadcrumbList","@id":"https:\/\/huettencrea.com\/galeria\/#breadcrumb","itemListElement":[{"@type":"ListItem","position":1,"name":"Kezd\u0151lap","item":"https:\/\/huettencrea.com\/"},{"@type":"ListItem","position":2,"name":"Gal\u00e9ria"}]},{"@type":"WebSite","@id":"https:\/\/huettencrea.com\/#website","url":"https:\/\/huettencrea.com\/","name":"CottageCrea","description":"","publisher":{"@id":"https:\/\/huettencrea.com\/#organization"},"potentialAction":[{"@type":"SearchAction","target":{"@type":"EntryPoint","urlTemplate":"https:\/\/huettencrea.com\/?s={search_term_string}"},"query-input":{"@type":"PropertyValueSpecification","valueRequired":true,"valueName":"search_term_string"}}],"inLanguage":"de"},{"@type":"Organization","@id":"https:\/\/huettencrea.com\/#organization","name":"CottageCrea","url":"https:\/\/huettencrea.com\/","logo":{"@type":"ImageObject","inLanguage":"de","@id":"https:\/\/huettencrea.com\/#\/schema\/logo\/image\/","url":"https:\/\/huettencrea.com\/wp-content\/uploads\/2025\/09\/logo_huttencrea-scaled-removebg-preview.png","contentUrl":"https:\/\/huettencrea.com\/wp-content\/uploads\/2025\/09\/logo_huttencrea-scaled-removebg-preview.png","width":970,"height":257,"caption":"H\u00fcttenCrea"},"image":{"@id":"https:\/\/huettencrea.com\/#\/schema\/logo\/image\/"}}]}},"_links":{"self":[{"href":"https:\/\/huettencrea.com\/de\/wp-json\/wp\/v2\/pages\/25","targetHints":{"allow":["GET"]}}],"collection":[{"href":"https:\/\/huettencrea.com\/de\/wp-json\/wp\/v2\/pages"}],"about":[{"href":"https:\/\/huettencrea.com\/de\/wp-json\/wp\/v2\/types\/page"}],"author":[{"embeddable":true,"href":"https:\/\/huettencrea.com\/de\/wp-json\/wp\/v2\/users\/12"}],"replies":[{"embeddable":true,"href":"https:\/\/huettencrea.com\/de\/wp-json\/wp\/v2\/comments?post=25"}],"version-history":[{"count":5,"href":"https:\/\/huettencrea.com\/de\/wp-json\/wp\/v2\/pages\/25\/revisions"}],"predecessor-version":[{"id":1923,"href":"https:\/\/huettencrea.com\/de\/wp-json\/wp\/v2\/pages\/25\/revisions\/1923"}],"wp:attachment":[{"href":"https:\/\/huettencrea.com\/de\/wp-json\/wp\/v2\/media?parent=25"}],"curies":[{"name":"wp","href":"https:\/\/api.w.org\/{rel}","templated":true}]}}