{"id":31,"date":"2025-09-28T10:56:37","date_gmt":"2025-09-28T10:56:37","guid":{"rendered":"https:\/\/huettencrea.com\/?page_id=31"},"modified":"2026-04-20T06:21:42","modified_gmt":"2026-04-20T06:21:42","slug":"zeiterfassung","status":"publish","type":"page","link":"https:\/\/huettencrea.com\/de\/ajanlatkeres\/","title":{"rendered":"Anfrage"},"content":{"rendered":"\t\t<div data-elementor-type=\"wp-page\" data-elementor-id=\"31\" class=\"elementor elementor-31\" data-elementor-post-type=\"page\">\n\t\t\t\t<div class=\"elementor-element elementor-element-0c48350 e-con-full e-flex e-con e-child\" data-id=\"0c48350\" data-element_type=\"container\" data-e-type=\"container\" data-settings=\"{&quot;background_background&quot;:&quot;classic&quot;}\">\n\t\t\t\t<div class=\"elementor-element elementor-element-91f03af elementor-widget elementor-widget-heading\" data-id=\"91f03af\" data-element_type=\"widget\" data-e-type=\"widget\" data-widget_type=\"heading.default\">\n\t\t\t\t\t<h2 class=\"elementor-heading-title elementor-size-default\">K\u00e9rjen szem\u00e9lyre szabott aj\u00e1nlatot teraszmegold\u00e1sainkra!<\/h2>\t\t\t\t<\/div>\n\t\t\t\t<div class=\"elementor-element elementor-element-33337e6 elementor-widget elementor-widget-text-editor\" data-id=\"33337e6\" data-element_type=\"widget\" data-e-type=\"widget\" data-widget_type=\"text-editor.default\">\n\t\t\t\t\t\t\t\t\t<p><strong>T\u00f6ltse ki r\u00f6vid aj\u00e1nlatk\u00e9r\u0151 \u0171rlapunkat!<\/strong><br \/>Az \u0171rlap kit\u00f6lt\u00e9se mind\u00f6ssze 2<strong>\u20133 percet vesz ig\u00e9nybe<\/strong>, \u00e9s seg\u00edt nek\u00fcnk pontosan megismerni az \u00d6n elk\u00e9pzel\u00e9seit.<br \/>\u00cdgy egy <strong>szem\u00e9lyre szabott, az \u00d6n ig\u00e9nyeire szabott aj\u00e1nlatot<\/strong> tudunk k\u00e9sz\u00edteni, gyorsan \u00e9s hat\u00e9konyan.<\/p>\t\t\t\t\t\t\t\t<\/div>\n\t\t\t\t<div class=\"elementor-element elementor-element-eca6929 elementor-widget__width-initial elementor-button-align-stretch elementor-widget elementor-widget-form\" data-id=\"eca6929\" data-element_type=\"widget\" data-e-type=\"widget\" data-settings=\"{&quot;step_next_label&quot;:&quot;K\\u00f6vetkez\\u0151&quot;,&quot;step_previous_label&quot;:&quot;El\\u0151z\\u0151&quot;,&quot;button_width&quot;:&quot;100&quot;,&quot;step_type&quot;:&quot;number_text&quot;,&quot;step_icon_shape&quot;:&quot;circle&quot;}\" data-widget_type=\"form.default\">\n\t\t\t\t\t\t\t<form class=\"elementor-form\" method=\"post\" name=\"\u00daj \u0171rlap\" aria-label=\"\u00daj \u0171rlap\">\n\t\t\t<input type=\"hidden\" name=\"post_id\" value=\"31\"\/>\n\t\t\t<input type=\"hidden\" name=\"form_id\" value=\"eca6929\"\/>\n\t\t\t<input type=\"hidden\" name=\"referer_title\" value=\"Aj\u00e1nlatk\u00e9r\u00e9s - H\u00fcttenCrea\" \/>\n\n\t\t\t\t\t\t\t<input type=\"hidden\" name=\"queried_id\" value=\"31\"\/>\n\t\t\t\n\t\t\t<div class=\"elementor-form-fields-wrapper elementor-labels-\">\n\t\t\t\t\t\t\t\t<div class=\"elementor-field-type-text elementor-field-group elementor-column elementor-field-group-name elementor-col-100 elementor-field-required\">\n\t\t\t\t\t\t\t\t\t\t\t\t<label for=\"form-field-name\" class=\"elementor-field-label elementor-screen-only\">\n\t\t\t\t\t\t\t\tVezet\u00e9kn\u00e9v\t\t\t\t\t\t\t<\/label>\n\t\t\t\t\t\t\t\t\t\t\t\t\t\t<input size=\"1\" type=\"text\" name=\"form_fields[name]\" id=\"form-field-name\" class=\"elementor-field elementor-size-sm  elementor-field-textual\" placeholder=\"Vezet\u00e9kn\u00e9v\" required=\"required\">\n\t\t\t\t\t\t\t\t\t\t\t<\/div>\n\t\t\t\t\t\t\t\t<div class=\"elementor-field-type-text elementor-field-group elementor-column elementor-field-group-field_2b2f728 elementor-col-100 elementor-field-required\">\n\t\t\t\t\t\t\t\t\t\t\t\t<label for=\"form-field-field_2b2f728\" class=\"elementor-field-label elementor-screen-only\">\n\t\t\t\t\t\t\t\tKeresztn\u00e9v\t\t\t\t\t\t\t<\/label>\n\t\t\t\t\t\t\t\t\t\t\t\t\t\t<input size=\"1\" type=\"text\" name=\"form_fields[field_2b2f728]\" id=\"form-field-field_2b2f728\" class=\"elementor-field elementor-size-sm  elementor-field-textual\" placeholder=\"Keresztn\u00e9v\" required=\"required\">\n\t\t\t\t\t\t\t\t\t\t\t<\/div>\n\t\t\t\t\t\t\t\t<div class=\"elementor-field-type-text elementor-field-group elementor-column elementor-field-group-field_4513bf0 elementor-col-100 elementor-field-required\">\n\t\t\t\t\t\t\t\t\t\t\t\t<label for=\"form-field-field_4513bf0\" class=\"elementor-field-label elementor-screen-only\">\n\t\t\t\t\t\t\t\tTelefon\t\t\t\t\t\t\t<\/label>\n\t\t\t\t\t\t\t\t\t\t\t\t\t\t<input size=\"1\" type=\"text\" name=\"form_fields[field_4513bf0]\" id=\"form-field-field_4513bf0\" class=\"elementor-field elementor-size-sm  elementor-field-textual\" placeholder=\"Telefon\" required=\"required\">\n\t\t\t\t\t\t\t\t\t\t\t<\/div>\n\t\t\t\t\t\t\t\t<div class=\"elementor-field-type-email elementor-field-group elementor-column elementor-field-group-email elementor-col-100 elementor-field-required\">\n\t\t\t\t\t\t\t\t\t\t\t\t<label for=\"form-field-email\" class=\"elementor-field-label elementor-screen-only\">\n\t\t\t\t\t\t\t\tEmail\t\t\t\t\t\t\t<\/label>\n\t\t\t\t\t\t\t\t\t\t\t\t\t\t<input size=\"1\" type=\"email\" name=\"form_fields[email]\" id=\"form-field-email\" class=\"elementor-field elementor-size-sm  elementor-field-textual\" placeholder=\"Email\" required=\"required\">\n\t\t\t\t\t\t\t\t\t\t\t<\/div>\n\t\t\t\t\t\t\t\t<div class=\"elementor-field-type-text elementor-field-group elementor-column elementor-field-group-field_d070e99 elementor-col-100 elementor-field-required\">\n\t\t\t\t\t\t\t\t\t\t\t\t<label for=\"form-field-field_d070e99\" class=\"elementor-field-label elementor-screen-only\">\n\t\t\t\t\t\t\t\tTelep\u00edt\u00e9s helysz\u00edne\t\t\t\t\t\t\t<\/label>\n\t\t\t\t\t\t\t\t\t\t\t\t\t\t<input size=\"1\" type=\"text\" name=\"form_fields[field_d070e99]\" id=\"form-field-field_d070e99\" class=\"elementor-field elementor-size-sm  elementor-field-textual\" placeholder=\"Telep\u00edt\u00e9s helysz\u00edne\" required=\"required\">\n\t\t\t\t\t\t\t\t\t\t\t<\/div>\n\t\t\t\t\t\t\t\t<div class=\"elementor-field-type-html elementor-field-group elementor-column elementor-field-group-field_6c47003 elementor-col-100\">\n\t\t\t\t\t<b>K\u00e9rem, v\u00e1lassza ki a k\u00edv\u00e1nt term\u00e9ket *<\/b>\t\t\t\t<\/div>\n\t\t\t\t\t\t\t\t<div class=\"elementor-field-type-checkbox elementor-field-group elementor-column elementor-field-group-field_2acbdac elementor-col-100\">\n\t\t\t\t\t\t\t\t\t\t\t\t<label for=\"form-field-field_2acbdac\" class=\"elementor-field-label elementor-screen-only\">\n\t\t\t\t\t\t\t\tK\u00e9rem, v\u00e1lassza ki a k\u00edv\u00e1nt term\u00e9ket\t\t\t\t\t\t\t<\/label>\n\t\t\t\t\t\t<div class=\"elementor-field-subgroup  \"><span class=\"elementor-field-option\"><input type=\"checkbox\" value=\"Lamell\u00e1s pergola\" id=\"form-field-field_2acbdac-0\" name=\"form_fields[field_2acbdac][]\"> <label for=\"form-field-field_2acbdac-0\">Lamell\u00e1s pergola<\/label><\/span><span class=\"elementor-field-option\"><input type=\"checkbox\" value=\"Alum\u00ednium terasztet\u0151\" id=\"form-field-field_2acbdac-1\" name=\"form_fields[field_2acbdac][]\"> <label for=\"form-field-field_2acbdac-1\">Alum\u00ednium terasztet\u0151<\/label><\/span><span class=\"elementor-field-option\"><input type=\"checkbox\" value=\"Ponyv\u00e1s terasztet\u0151\" id=\"form-field-field_2acbdac-2\" name=\"form_fields[field_2acbdac][]\"> <label for=\"form-field-field_2acbdac-2\">Ponyv\u00e1s terasztet\u0151<\/label><\/span><span class=\"elementor-field-option\"><input type=\"checkbox\" value=\"K\u00fclt\u00e9ri relax szerkezet\" id=\"form-field-field_2acbdac-3\" name=\"form_fields[field_2acbdac][]\"> <label for=\"form-field-field_2acbdac-3\">K\u00fclt\u00e9ri relax szerkezet<\/label><\/span><span class=\"elementor-field-option\"><input type=\"checkbox\" value=\"ZIP-\u00e1rny\u00e9kol\u00f3 \/ tet\u0151\u00e1rny\u00e9kol\u00f3\" id=\"form-field-field_2acbdac-4\" name=\"form_fields[field_2acbdac][]\"> <label for=\"form-field-field_2acbdac-4\">ZIP-\u00e1rny\u00e9kol\u00f3 \/ tet\u0151\u00e1rny\u00e9kol\u00f3<\/label><\/span><span class=\"elementor-field-option\"><input type=\"checkbox\" value=\"\u00dcvegez\u00e9si rendszer\" id=\"form-field-field_2acbdac-5\" name=\"form_fields[field_2acbdac][]\"> <label for=\"form-field-field_2acbdac-5\">\u00dcvegez\u00e9si rendszer<\/label><\/span><\/div>\t\t\t\t<\/div>\n\t\t\t\t\t\t\t\t<div class=\"elementor-field-type-html elementor-field-group elementor-column elementor-field-group-field_a99acec elementor-col-100\">\n\t\t\t\t\t<b>Projekt m\u00e9retei (cm-ben adja meg)<\/b>\t\t\t\t<\/div>\n\t\t\t\t\t\t\t\t<div class=\"elementor-field-type-number elementor-field-group elementor-column elementor-field-group-field_3cdb8dc elementor-col-100 elementor-field-required\">\n\t\t\t\t\t\t\t\t\t\t\t\t<label for=\"form-field-field_3cdb8dc\" class=\"elementor-field-label elementor-screen-only\">\n\t\t\t\t\t\t\t\tHossz\u00fas\u00e1g \u2013 K\u00e9rem, adja meg a terasz hozz\u00e1vet\u0151leges hossz\u00e1t\t\t\t\t\t\t\t<\/label>\n\t\t\t\t\t\t\t\t\t<input type=\"number\" name=\"form_fields[field_3cdb8dc]\" id=\"form-field-field_3cdb8dc\" class=\"elementor-field elementor-size-sm  elementor-field-textual\" placeholder=\"Hossz\u00fas\u00e1g \u2013 K\u00e9rem, adja meg a terasz hozz\u00e1vet\u0151leges hossz\u00e1t\" required=\"required\" min=\"\" max=\"\" >\n\t\t\t\t\t\t<\/div>\n\t\t\t\t\t\t\t\t<div class=\"elementor-field-type-number elementor-field-group elementor-column elementor-field-group-field_5cc3e73 elementor-col-100 elementor-field-required\">\n\t\t\t\t\t\t\t\t\t\t\t\t<label for=\"form-field-field_5cc3e73\" class=\"elementor-field-label elementor-screen-only\">\n\t\t\t\t\t\t\t\tSz\u00e9less\u00e9g \u2013 K\u00e9rem, adja meg a terasz sz\u00e9less\u00e9g\u00e9t *\t\t\t\t\t\t\t<\/label>\n\t\t\t\t\t\t\t\t\t<input type=\"number\" name=\"form_fields[field_5cc3e73]\" id=\"form-field-field_5cc3e73\" class=\"elementor-field elementor-size-sm  elementor-field-textual\" placeholder=\"Sz\u00e9less\u00e9g \u2013 K\u00e9rem, adja meg a terasz sz\u00e9less\u00e9g\u00e9t *\" required=\"required\" min=\"\" max=\"\" >\n\t\t\t\t\t\t<\/div>\n\t\t\t\t\t\t\t\t<div class=\"elementor-field-type-number elementor-field-group elementor-column elementor-field-group-field_6a31414 elementor-col-100 elementor-field-required\">\n\t\t\t\t\t\t\t\t\t\t\t\t<label for=\"form-field-field_6a31414\" class=\"elementor-field-label elementor-screen-only\">\n\t\t\t\t\t\t\t\tMagass\u00e1g \u2013 K\u00e9rem, adja meg a szerkezet magass\u00e1g\u00e1t *\t\t\t\t\t\t\t<\/label>\n\t\t\t\t\t\t\t\t\t<input type=\"number\" name=\"form_fields[field_6a31414]\" id=\"form-field-field_6a31414\" class=\"elementor-field elementor-size-sm  elementor-field-textual\" placeholder=\"Magass\u00e1g \u2013 K\u00e9rem, adja meg a szerkezet magass\u00e1g\u00e1t *\" required=\"required\" min=\"\" max=\"\" >\n\t\t\t\t\t\t<\/div>\n\t\t\t\t\t\t\t\t<div class=\"elementor-field-type-html elementor-field-group elementor-column elementor-field-group-field_1e03f38 elementor-col-100\">\n\t\t\t\t\t<img decoding=\"async\" src=\"https:\/\/huettencrea.com\/wp-content\/uploads\/2026\/01\/teraszok-ajanlatkeres-meretek.webp\">\t\t\t\t<\/div>\n\t\t\t\t\t\t\t\t<div class=\"elementor-field-type-html elementor-field-group elementor-column elementor-field-group-field_98a2d6e elementor-col-100\">\n\t\t\t\t\t<b>K\u00e9rem, t\u00f6lts\u00f6n fel k\u00e9peket a helysz\u00ednr\u0151l<\/b>\n<p>A pontos \u00e9s szem\u00e9lyre szabott aj\u00e1nlathoz elengedhetetlen, hogy l\u00e1ssuk a telep\u00edt\u00e9s hely\u00e9t.<\/p>\n\t\t\t\t<\/div>\n\t\t\t\t\t\t\t\t<div class=\"elementor-field-type-upload elementor-field-group elementor-column elementor-field-group-field_4633ac3 elementor-col-100 elementor-field-required\">\n\t\t\t\t\t\t\t\t\t\t\t\t<label for=\"form-field-field_4633ac3\" class=\"elementor-field-label elementor-screen-only\">\n\t\t\t\t\t\t\t\tK\u00e9rem, t\u00f6lts\u00f6n fel k\u00e9peket a helysz\u00ednr\u0151l\t\t\t\t\t\t\t<\/label>\n\t\t\t\t\t\t\t\t<input type=\"file\" name=\"form_fields[field_4633ac3][]\" id=\"form-field-field_4633ac3\" class=\"elementor-field elementor-size-sm  elementor-upload-field\" required=\"required\" multiple=\"multiple\" data-maxsize=\"5\" data-maxsize-message=\"Ez a f\u00e1jl meghaladja a megengedett maxim\u00e1lis m\u00e9retet.\">\n\n\t\t\t\t\t\t<\/div>\n\t\t\t\t\t\t\t\t<div class=\"elementor-field-type-acceptance elementor-field-group elementor-column elementor-field-group-field_265dd9e elementor-col-100 elementor-field-required\">\n\t\t\t\t\t\t\t\t\t\t\t\t<label for=\"form-field-field_265dd9e\" class=\"elementor-field-label elementor-screen-only\">\n\t\t\t\t\t\t\t\tGDPR\t\t\t\t\t\t\t<\/label>\n\t\t\t\t\t\t\t\t<div class=\"elementor-field-subgroup\">\n\t\t\t<span class=\"elementor-field-option\">\n\t\t\t\t<input type=\"checkbox\" name=\"form_fields[field_265dd9e]\" id=\"form-field-field_265dd9e\" class=\"elementor-field elementor-size-sm  elementor-acceptance-field\" required=\"required\">\n\t\t\t\t<label for=\"form-field-field_265dd9e\">Elolvastam \u00e9s elfogadom az adatkezel\u00e9si t\u00e1j\u00e9koztat\u00f3t<\/label>\t\t\t<\/span>\n\t\t<\/div>\n\t\t\t\t\t\t<\/div>\n\t\t\t\t\t\t\t\t<div class=\"elementor-field-type-acceptance elementor-field-group elementor-column elementor-field-group-field_0882e14 elementor-col-100 elementor-field-required\">\n\t\t\t\t\t\t\t\t\t\t\t\t<label for=\"form-field-field_0882e14\" class=\"elementor-field-label elementor-screen-only\">\n\t\t\t\t\t\t\t\tPROCESS\t\t\t\t\t\t\t<\/label>\n\t\t\t\t\t\t\t\t<div class=\"elementor-field-subgroup\">\n\t\t\t<span class=\"elementor-field-option\">\n\t\t\t\t<input type=\"checkbox\" name=\"form_fields[field_0882e14]\" id=\"form-field-field_0882e14\" class=\"elementor-field elementor-size-sm  elementor-acceptance-field\" required=\"required\">\n\t\t\t\t<label for=\"form-field-field_0882e14\">Hozz\u00e1j\u00e1rulok szem\u00e9lyes adataim feldolgoz\u00e1s\u00e1hoz az aj\u00e1nlat elk\u00e9sz\u00edt\u00e9s\u00e9hez<\/label>\t\t\t<\/span>\n\t\t<\/div>\n\t\t\t\t\t\t<\/div>\n\t\t\t\t\t\t\t\t<div class=\"elementor-field-group elementor-column elementor-field-type-submit elementor-col-100 e-form__buttons\">\n\t\t\t\t\t<button class=\"elementor-button elementor-size-sm\" type=\"submit\">\n\t\t\t\t\t\t<span class=\"elementor-button-content-wrapper\">\n\t\t\t\t\t\t\t\t\t\t\t\t\t\t\t\t\t\t\t\t\t\t<span class=\"elementor-button-text\">K\u00fcld\u00e9s<\/span>\n\t\t\t\t\t\t\t\t\t\t\t\t\t<\/span>\n\t\t\t\t\t<\/button>\n\t\t\t\t<\/div>\n\t\t\t<\/div>\n\t\t<\/form>\n\t\t\t\t\t\t<\/div>\n\t\t\t\t<\/div>\n\t\t\t\t<\/div>\n\t\t","protected":false},"excerpt":{"rendered":"<p>Fordern Sie ein individuelles Angebot f\u00fcr unsere Terrassenl\u00f6sungen an! F\u00fcllen Sie unser kurzes Anfrageformular aus, das nur 2-3 Minuten dauert und uns hilft, Ihre W\u00fcnsche genau zu verstehen, damit wir Ihnen schnell und effizient ein individuelles, auf Ihre Bed\u00fcrfnisse zugeschnittenes Angebot erstellen k\u00f6nnen.<\/p>","protected":false},"author":12,"featured_media":0,"parent":0,"menu_order":0,"comment_status":"closed","ping_status":"closed","template":"","meta":{"footnotes":""},"class_list":["post-31","page","type-page","status-publish","hentry"],"yoast_head":"<!-- This site is optimized with the Yoast SEO plugin v27.5 - https:\/\/yoast.com\/product\/yoast-seo-wordpress\/ -->\n<title>Aj\u00e1nlatk\u00e9r\u00e9s - H\u00fcttenCrea<\/title>\n<meta name=\"robots\" content=\"index, follow, max-snippet:-1, max-image-preview:large, max-video-preview:-1\" \/>\n<link rel=\"canonical\" href=\"https:\/\/huettencrea.com\/de\/zeiterfassung\/\" \/>\n<meta property=\"og:locale\" content=\"de_DE\" \/>\n<meta property=\"og:type\" content=\"article\" \/>\n<meta property=\"og:title\" content=\"Aj\u00e1nlatk\u00e9r\u00e9s - H\u00fcttenCrea\" \/>\n<meta property=\"og:description\" content=\"K\u00e9rjen szem\u00e9lyre szabott aj\u00e1nlatot teraszmegold\u00e1sainkra! T\u00f6ltse ki r\u00f6vid aj\u00e1nlatk\u00e9r\u0151 \u0171rlapunkat!Az \u0171rlap kit\u00f6lt\u00e9se mind\u00f6ssze 2\u20133 percet vesz ig\u00e9nybe, \u00e9s seg\u00edt nek\u00fcnk pontosan megismerni az \u00d6n elk\u00e9pzel\u00e9seit.\u00cdgy egy szem\u00e9lyre szabott, az \u00d6n ig\u00e9nyeire szabott aj\u00e1nlatot tudunk k\u00e9sz\u00edteni, gyorsan \u00e9s hat\u00e9konyan.\" \/>\n<meta property=\"og:url\" content=\"https:\/\/huettencrea.com\/de\/zeiterfassung\/\" \/>\n<meta property=\"og:site_name\" content=\"H\u00fcttenCrea\" \/>\n<meta property=\"article:modified_time\" content=\"2026-04-20T06:21:42+00:00\" \/>\n<meta name=\"twitter:card\" content=\"summary_large_image\" \/>\n<meta name=\"twitter:label1\" content=\"Gesch\u00e4tzte Lesezeit\" \/>\n\t<meta name=\"twitter:data1\" content=\"1\u00a0Minute\" \/>\n<script type=\"application\/ld+json\" class=\"yoast-schema-graph\">{\"@context\":\"https:\\\/\\\/schema.org\",\"@graph\":[{\"@type\":\"WebPage\",\"@id\":\"https:\\\/\\\/huettencrea.com\\\/ajanlatkeres\\\/\",\"url\":\"https:\\\/\\\/huettencrea.com\\\/ajanlatkeres\\\/\",\"name\":\"Aj\u00e1nlatk\u00e9r\u00e9s - H\u00fcttenCrea\",\"isPartOf\":{\"@id\":\"https:\\\/\\\/huettencrea.com\\\/#website\"},\"datePublished\":\"2025-09-28T10:56:37+00:00\",\"dateModified\":\"2026-04-20T06:21:42+00:00\",\"breadcrumb\":{\"@id\":\"https:\\\/\\\/huettencrea.com\\\/ajanlatkeres\\\/#breadcrumb\"},\"inLanguage\":\"de\",\"potentialAction\":[{\"@type\":\"ReadAction\",\"target\":[\"https:\\\/\\\/huettencrea.com\\\/ajanlatkeres\\\/\"]}]},{\"@type\":\"BreadcrumbList\",\"@id\":\"https:\\\/\\\/huettencrea.com\\\/ajanlatkeres\\\/#breadcrumb\",\"itemListElement\":[{\"@type\":\"ListItem\",\"position\":1,\"name\":\"Kezd\u0151lap\",\"item\":\"https:\\\/\\\/huettencrea.com\\\/\"},{\"@type\":\"ListItem\",\"position\":2,\"name\":\"Aj\u00e1nlatk\u00e9r\u00e9s\"}]},{\"@type\":\"WebSite\",\"@id\":\"https:\\\/\\\/huettencrea.com\\\/#website\",\"url\":\"https:\\\/\\\/huettencrea.com\\\/\",\"name\":\"H\u00fcttenCrea\",\"description\":\"\",\"publisher\":{\"@id\":\"https:\\\/\\\/huettencrea.com\\\/#organization\"},\"potentialAction\":[{\"@type\":\"SearchAction\",\"target\":{\"@type\":\"EntryPoint\",\"urlTemplate\":\"https:\\\/\\\/huettencrea.com\\\/?s={search_term_string}\"},\"query-input\":{\"@type\":\"PropertyValueSpecification\",\"valueRequired\":true,\"valueName\":\"search_term_string\"}}],\"inLanguage\":\"de\"},{\"@type\":\"Organization\",\"@id\":\"https:\\\/\\\/huettencrea.com\\\/#organization\",\"name\":\"H\u00fcttenCrea\",\"url\":\"https:\\\/\\\/huettencrea.com\\\/\",\"logo\":{\"@type\":\"ImageObject\",\"inLanguage\":\"de\",\"@id\":\"https:\\\/\\\/huettencrea.com\\\/#\\\/schema\\\/logo\\\/image\\\/\",\"url\":\"https:\\\/\\\/huettencrea.com\\\/wp-content\\\/uploads\\\/2025\\\/09\\\/logo_huttencrea-scaled-removebg-preview.png\",\"contentUrl\":\"https:\\\/\\\/huettencrea.com\\\/wp-content\\\/uploads\\\/2025\\\/09\\\/logo_huttencrea-scaled-removebg-preview.png\",\"width\":970,\"height\":257,\"caption\":\"H\u00fcttenCrea\"},\"image\":{\"@id\":\"https:\\\/\\\/huettencrea.com\\\/#\\\/schema\\\/logo\\\/image\\\/\"}}]}<\/script>\n<!-- \/ Yoast SEO plugin. -->","yoast_head_json":{"title":"Angebotsanforderung - H\u00fcttenCrea","robots":{"index":"index","follow":"follow","max-snippet":"max-snippet:-1","max-image-preview":"max-image-preview:large","max-video-preview":"max-video-preview:-1"},"canonical":"https:\/\/huettencrea.com\/de\/zeiterfassung\/","og_locale":"de_DE","og_type":"article","og_title":"Aj\u00e1nlatk\u00e9r\u00e9s - H\u00fcttenCrea","og_description":"K\u00e9rjen szem\u00e9lyre szabott aj\u00e1nlatot teraszmegold\u00e1sainkra! T\u00f6ltse ki r\u00f6vid aj\u00e1nlatk\u00e9r\u0151 \u0171rlapunkat!Az \u0171rlap kit\u00f6lt\u00e9se mind\u00f6ssze 2\u20133 percet vesz ig\u00e9nybe, \u00e9s seg\u00edt nek\u00fcnk pontosan megismerni az \u00d6n elk\u00e9pzel\u00e9seit.\u00cdgy egy szem\u00e9lyre szabott, az \u00d6n ig\u00e9nyeire szabott aj\u00e1nlatot tudunk k\u00e9sz\u00edteni, gyorsan \u00e9s hat\u00e9konyan.","og_url":"https:\/\/huettencrea.com\/de\/zeiterfassung\/","og_site_name":"H\u00fcttenCrea","article_modified_time":"2026-04-20T06:21:42+00:00","twitter_card":"summary_large_image","twitter_misc":{"Gesch\u00e4tzte Lesezeit":"1\u00a0Minute"},"schema":{"@context":"https:\/\/schema.org","@graph":[{"@type":"WebPage","@id":"https:\/\/huettencrea.com\/ajanlatkeres\/","url":"https:\/\/huettencrea.com\/ajanlatkeres\/","name":"Angebotsanforderung - H\u00fcttenCrea","isPartOf":{"@id":"https:\/\/huettencrea.com\/#website"},"datePublished":"2025-09-28T10:56:37+00:00","dateModified":"2026-04-20T06:21:42+00:00","breadcrumb":{"@id":"https:\/\/huettencrea.com\/ajanlatkeres\/#breadcrumb"},"inLanguage":"de","potentialAction":[{"@type":"ReadAction","target":["https:\/\/huettencrea.com\/ajanlatkeres\/"]}]},{"@type":"BreadcrumbList","@id":"https:\/\/huettencrea.com\/ajanlatkeres\/#breadcrumb","itemListElement":[{"@type":"ListItem","position":1,"name":"Kezd\u0151lap","item":"https:\/\/huettencrea.com\/"},{"@type":"ListItem","position":2,"name":"Aj\u00e1nlatk\u00e9r\u00e9s"}]},{"@type":"WebSite","@id":"https:\/\/huettencrea.com\/#website","url":"https:\/\/huettencrea.com\/","name":"CottageCrea","description":"","publisher":{"@id":"https:\/\/huettencrea.com\/#organization"},"potentialAction":[{"@type":"SearchAction","target":{"@type":"EntryPoint","urlTemplate":"https:\/\/huettencrea.com\/?s={search_term_string}"},"query-input":{"@type":"PropertyValueSpecification","valueRequired":true,"valueName":"search_term_string"}}],"inLanguage":"de"},{"@type":"Organization","@id":"https:\/\/huettencrea.com\/#organization","name":"CottageCrea","url":"https:\/\/huettencrea.com\/","logo":{"@type":"ImageObject","inLanguage":"de","@id":"https:\/\/huettencrea.com\/#\/schema\/logo\/image\/","url":"https:\/\/huettencrea.com\/wp-content\/uploads\/2025\/09\/logo_huttencrea-scaled-removebg-preview.png","contentUrl":"https:\/\/huettencrea.com\/wp-content\/uploads\/2025\/09\/logo_huttencrea-scaled-removebg-preview.png","width":970,"height":257,"caption":"H\u00fcttenCrea"},"image":{"@id":"https:\/\/huettencrea.com\/#\/schema\/logo\/image\/"}}]}},"_links":{"self":[{"href":"https:\/\/huettencrea.com\/de\/wp-json\/wp\/v2\/pages\/31","targetHints":{"allow":["GET"]}}],"collection":[{"href":"https:\/\/huettencrea.com\/de\/wp-json\/wp\/v2\/pages"}],"about":[{"href":"https:\/\/huettencrea.com\/de\/wp-json\/wp\/v2\/types\/page"}],"author":[{"embeddable":true,"href":"https:\/\/huettencrea.com\/de\/wp-json\/wp\/v2\/users\/12"}],"replies":[{"embeddable":true,"href":"https:\/\/huettencrea.com\/de\/wp-json\/wp\/v2\/comments?post=31"}],"version-history":[{"count":17,"href":"https:\/\/huettencrea.com\/de\/wp-json\/wp\/v2\/pages\/31\/revisions"}],"predecessor-version":[{"id":2344,"href":"https:\/\/huettencrea.com\/de\/wp-json\/wp\/v2\/pages\/31\/revisions\/2344"}],"wp:attachment":[{"href":"https:\/\/huettencrea.com\/de\/wp-json\/wp\/v2\/media?parent=31"}],"curies":[{"name":"wp","href":"https:\/\/api.w.org\/{rel}","templated":true}]}}