{"id":35,"date":"2025-09-28T10:56:54","date_gmt":"2025-09-28T10:56:54","guid":{"rendered":"https:\/\/huettencrea.com\/?page_id=35"},"modified":"2026-02-25T09:57:00","modified_gmt":"2026-02-25T09:57:00","slug":"palyazatok","status":"publish","type":"page","link":"https:\/\/huettencrea.com\/de\/palyazatok\/","title":{"rendered":"F\u00f6rderungen"},"content":{"rendered":"<figure class=\"wp-block-image size-full\"><img fetchpriority=\"high\" decoding=\"async\" width=\"701\" height=\"491\" src=\"https:\/\/huettencrea.com\/wp-content\/uploads\/2025\/11\/image.png\" alt=\"\" class=\"wp-image-983\" srcset=\"https:\/\/huettencrea.com\/wp-content\/uploads\/2025\/11\/image.png 701w, https:\/\/huettencrea.com\/wp-content\/uploads\/2025\/11\/image-300x210.png 300w\" sizes=\"(max-width: 701px) 100vw, 701px\" \/><\/figure>\n\n\n\n<p>Unser Unternehmen ist <strong>Zusch\u00fcsse der Europ\u00e4ischen Union<\/strong> gewonnen&nbsp;<\/p>\n\n\n\n<p><strong>Name des Unternehmens:<\/strong><strong><br><\/strong> Spanno Ltd.<\/p>\n\n\n\n<p><strong>Titel des Projekts:<\/strong><strong><br><\/strong>\u201eBeschaffung von Tischlereimaschinen im Dorf Apatistv\u00e1n\u201d.\u201d<\/p>\n\n\n\n<p><strong>Projekt-ID-Nummer:<\/strong><strong><br><\/strong>GINOP-1.2.9-20-2021.<\/p>\n\n\n\n<p><strong>Die H\u00f6he der vertraglich vereinbarten Beihilfe:<\/strong><strong><br><\/strong> 9 830 750 Ft<\/p>\n\n\n\n<p><strong>Die H\u00f6he der Beihilfe:<\/strong><strong><br><\/strong>69,89 %<\/p>\n\n\n\n<p><strong>Eine kurze Pr\u00e4sentation des Projektinhalts:<\/strong><strong><br><\/strong><strong>Projekt-ID-Nummer: GINOP-1.2.9-20-2021-04650<\/strong><strong><br><\/strong>Das Projekt umfasste die Anschaffung moderner Zimmereibearbeitungsmaschinen f\u00fcr den technologischen Bedarf des Unternehmens.<\/p>\n\n\n\n<p><strong>Datum der Fertigstellung des Projekts:<\/strong><strong><br><\/strong> 2023.05.31.<\/p>\n\n\n\n<p><strong>Aufruf f\u00fcr Projekt-ID:<\/strong><strong><br><\/strong> (z. B. Sz\u00e9chenyi 2020 \/ GINOP Plus \/ VEKOP \/ EFOP usw.)<\/p>\n\n\n\n<p><strong>Obligatorisches Kommunikationselement (falls zutreffend):<\/strong><strong><br><\/strong> \u201eDas Projekt ist <strong>Europ\u00e4ischer Fonds f\u00fcr regionale Entwicklung<\/strong> von der Europ\u00e4ischen Kommission kofinanziert\u201d.\u201d<\/p>","protected":false},"excerpt":{"rendered":"<p>C\u00e9g\u00fcnk az al\u00e1bbi eur\u00f3pai uni\u00f3s t\u00e1mogat\u00e1sokat nyerte el&nbsp; C\u00e9g neve: Spanno Kft. Projekt c\u00edme:\u201eAsztalosipari g\u00e9pbeszerz\u00e9s Ap\u00e1tistv\u00e1nfalv\u00e1n\u201d Projekt azonos\u00edt\u00f3 sz\u00e1ma:GINOP-1.2.9-20-2021. A szerz\u0151d\u00f6tt t\u00e1mogat\u00e1s \u00f6sszege: 9 830 750 Ft A t\u00e1mogat\u00e1s m\u00e9rt\u00e9ke:69,89 % A projekt tartalm\u00e1nak r\u00f6vid bemutat\u00e1sa:Projekt azonos\u00edt\u00f3 sz\u00e1ma: GINOP-1.2.9-20-2021-04650A projekt keret\u00e9ben modern asztalosipari megmunk\u00e1l\u00f3 g\u00e9pek beszerz\u00e9s\u00e9re ker\u00fclt sor, a v\u00e1llalat technol\u00f3giai \u00e9rdek\u00e9ben. A projekt befejez\u00e9s\u00e9nek [&hellip;]<\/p>\n","protected":false},"author":12,"featured_media":0,"parent":0,"menu_order":0,"comment_status":"closed","ping_status":"closed","template":"","meta":{"footnotes":""},"class_list":["post-35","page","type-page","status-publish","hentry"],"yoast_head":"<!-- This site is optimized with the Yoast SEO plugin v27.5 - https:\/\/yoast.com\/product\/yoast-seo-wordpress\/ -->\n<title>P\u00e1ly\u00e1zatok - H\u00fcttenCrea<\/title>\n<meta name=\"robots\" content=\"index, follow, max-snippet:-1, max-image-preview:large, max-video-preview:-1\" \/>\n<link rel=\"canonical\" href=\"https:\/\/huettencrea.com\/de\/palyazatok\/\" \/>\n<meta property=\"og:locale\" content=\"de_DE\" \/>\n<meta property=\"og:type\" content=\"article\" \/>\n<meta property=\"og:title\" content=\"P\u00e1ly\u00e1zatok - H\u00fcttenCrea\" \/>\n<meta property=\"og:description\" content=\"C\u00e9g\u00fcnk az al\u00e1bbi eur\u00f3pai uni\u00f3s t\u00e1mogat\u00e1sokat nyerte el&nbsp; C\u00e9g neve: Spanno Kft. Projekt c\u00edme:\u201eAsztalosipari g\u00e9pbeszerz\u00e9s Ap\u00e1tistv\u00e1nfalv\u00e1n\u201d Projekt azonos\u00edt\u00f3 sz\u00e1ma:GINOP-1.2.9-20-2021. A szerz\u0151d\u00f6tt t\u00e1mogat\u00e1s \u00f6sszege: 9 830 750 Ft A t\u00e1mogat\u00e1s m\u00e9rt\u00e9ke:69,89 % A projekt tartalm\u00e1nak r\u00f6vid bemutat\u00e1sa:Projekt azonos\u00edt\u00f3 sz\u00e1ma: GINOP-1.2.9-20-2021-04650A projekt keret\u00e9ben modern asztalosipari megmunk\u00e1l\u00f3 g\u00e9pek beszerz\u00e9s\u00e9re ker\u00fclt sor, a v\u00e1llalat technol\u00f3giai \u00e9rdek\u00e9ben. A projekt befejez\u00e9s\u00e9nek [&hellip;]\" \/>\n<meta property=\"og:url\" content=\"https:\/\/huettencrea.com\/de\/palyazatok\/\" \/>\n<meta property=\"og:site_name\" content=\"H\u00fcttenCrea\" \/>\n<meta property=\"article:modified_time\" content=\"2026-02-25T09:57:00+00:00\" \/>\n<meta property=\"og:image\" content=\"https:\/\/huettencrea.com\/wp-content\/uploads\/2025\/11\/image.png\" \/>\n\t<meta property=\"og:image:width\" content=\"701\" \/>\n\t<meta property=\"og:image:height\" content=\"491\" \/>\n\t<meta property=\"og:image:type\" content=\"image\/png\" \/>\n<meta name=\"twitter:card\" content=\"summary_large_image\" \/>\n<meta name=\"twitter:label1\" content=\"Gesch\u00e4tzte Lesezeit\" \/>\n\t<meta name=\"twitter:data1\" content=\"1\u00a0Minute\" \/>\n<script type=\"application\/ld+json\" class=\"yoast-schema-graph\">{\"@context\":\"https:\\\/\\\/schema.org\",\"@graph\":[{\"@type\":\"WebPage\",\"@id\":\"https:\\\/\\\/huettencrea.com\\\/palyazatok\\\/\",\"url\":\"https:\\\/\\\/huettencrea.com\\\/palyazatok\\\/\",\"name\":\"P\u00e1ly\u00e1zatok - H\u00fcttenCrea\",\"isPartOf\":{\"@id\":\"https:\\\/\\\/huettencrea.com\\\/#website\"},\"primaryImageOfPage\":{\"@id\":\"https:\\\/\\\/huettencrea.com\\\/palyazatok\\\/#primaryimage\"},\"image\":{\"@id\":\"https:\\\/\\\/huettencrea.com\\\/palyazatok\\\/#primaryimage\"},\"thumbnailUrl\":\"https:\\\/\\\/huettencrea.com\\\/wp-content\\\/uploads\\\/2025\\\/11\\\/image.png\",\"datePublished\":\"2025-09-28T10:56:54+00:00\",\"dateModified\":\"2026-02-25T09:57:00+00:00\",\"breadcrumb\":{\"@id\":\"https:\\\/\\\/huettencrea.com\\\/palyazatok\\\/#breadcrumb\"},\"inLanguage\":\"de\",\"potentialAction\":[{\"@type\":\"ReadAction\",\"target\":[\"https:\\\/\\\/huettencrea.com\\\/palyazatok\\\/\"]}]},{\"@type\":\"ImageObject\",\"inLanguage\":\"de\",\"@id\":\"https:\\\/\\\/huettencrea.com\\\/palyazatok\\\/#primaryimage\",\"url\":\"https:\\\/\\\/huettencrea.com\\\/wp-content\\\/uploads\\\/2025\\\/11\\\/image.png\",\"contentUrl\":\"https:\\\/\\\/huettencrea.com\\\/wp-content\\\/uploads\\\/2025\\\/11\\\/image.png\"},{\"@type\":\"BreadcrumbList\",\"@id\":\"https:\\\/\\\/huettencrea.com\\\/palyazatok\\\/#breadcrumb\",\"itemListElement\":[{\"@type\":\"ListItem\",\"position\":1,\"name\":\"Kezd\u0151lap\",\"item\":\"https:\\\/\\\/huettencrea.com\\\/\"},{\"@type\":\"ListItem\",\"position\":2,\"name\":\"P\u00e1ly\u00e1zatok\"}]},{\"@type\":\"WebSite\",\"@id\":\"https:\\\/\\\/huettencrea.com\\\/#website\",\"url\":\"https:\\\/\\\/huettencrea.com\\\/\",\"name\":\"H\u00fcttenCrea\",\"description\":\"\",\"publisher\":{\"@id\":\"https:\\\/\\\/huettencrea.com\\\/#organization\"},\"potentialAction\":[{\"@type\":\"SearchAction\",\"target\":{\"@type\":\"EntryPoint\",\"urlTemplate\":\"https:\\\/\\\/huettencrea.com\\\/?s={search_term_string}\"},\"query-input\":{\"@type\":\"PropertyValueSpecification\",\"valueRequired\":true,\"valueName\":\"search_term_string\"}}],\"inLanguage\":\"de\"},{\"@type\":\"Organization\",\"@id\":\"https:\\\/\\\/huettencrea.com\\\/#organization\",\"name\":\"H\u00fcttenCrea\",\"url\":\"https:\\\/\\\/huettencrea.com\\\/\",\"logo\":{\"@type\":\"ImageObject\",\"inLanguage\":\"de\",\"@id\":\"https:\\\/\\\/huettencrea.com\\\/#\\\/schema\\\/logo\\\/image\\\/\",\"url\":\"https:\\\/\\\/huettencrea.com\\\/wp-content\\\/uploads\\\/2025\\\/09\\\/logo_huttencrea-scaled-removebg-preview.png\",\"contentUrl\":\"https:\\\/\\\/huettencrea.com\\\/wp-content\\\/uploads\\\/2025\\\/09\\\/logo_huttencrea-scaled-removebg-preview.png\",\"width\":970,\"height\":257,\"caption\":\"H\u00fcttenCrea\"},\"image\":{\"@id\":\"https:\\\/\\\/huettencrea.com\\\/#\\\/schema\\\/logo\\\/image\\\/\"}}]}<\/script>\n<!-- \/ Yoast SEO plugin. -->","yoast_head_json":{"title":"Anwendungen - H\u00fcttenCrea","robots":{"index":"index","follow":"follow","max-snippet":"max-snippet:-1","max-image-preview":"max-image-preview:large","max-video-preview":"max-video-preview:-1"},"canonical":"https:\/\/huettencrea.com\/de\/palyazatok\/","og_locale":"de_DE","og_type":"article","og_title":"P\u00e1ly\u00e1zatok - H\u00fcttenCrea","og_description":"C\u00e9g\u00fcnk az al\u00e1bbi eur\u00f3pai uni\u00f3s t\u00e1mogat\u00e1sokat nyerte el&nbsp; C\u00e9g neve: Spanno Kft. Projekt c\u00edme:\u201eAsztalosipari g\u00e9pbeszerz\u00e9s Ap\u00e1tistv\u00e1nfalv\u00e1n\u201d Projekt azonos\u00edt\u00f3 sz\u00e1ma:GINOP-1.2.9-20-2021. A szerz\u0151d\u00f6tt t\u00e1mogat\u00e1s \u00f6sszege: 9 830 750 Ft A t\u00e1mogat\u00e1s m\u00e9rt\u00e9ke:69,89 % A projekt tartalm\u00e1nak r\u00f6vid bemutat\u00e1sa:Projekt azonos\u00edt\u00f3 sz\u00e1ma: GINOP-1.2.9-20-2021-04650A projekt keret\u00e9ben modern asztalosipari megmunk\u00e1l\u00f3 g\u00e9pek beszerz\u00e9s\u00e9re ker\u00fclt sor, a v\u00e1llalat technol\u00f3giai \u00e9rdek\u00e9ben. A projekt befejez\u00e9s\u00e9nek [&hellip;]","og_url":"https:\/\/huettencrea.com\/de\/palyazatok\/","og_site_name":"H\u00fcttenCrea","article_modified_time":"2026-02-25T09:57:00+00:00","og_image":[{"width":701,"height":491,"url":"https:\/\/huettencrea.com\/wp-content\/uploads\/2025\/11\/image.png","type":"image\/png"}],"twitter_card":"summary_large_image","twitter_misc":{"Gesch\u00e4tzte Lesezeit":"1\u00a0Minute"},"schema":{"@context":"https:\/\/schema.org","@graph":[{"@type":"WebPage","@id":"https:\/\/huettencrea.com\/palyazatok\/","url":"https:\/\/huettencrea.com\/palyazatok\/","name":"Anwendungen - H\u00fcttenCrea","isPartOf":{"@id":"https:\/\/huettencrea.com\/#website"},"primaryImageOfPage":{"@id":"https:\/\/huettencrea.com\/palyazatok\/#primaryimage"},"image":{"@id":"https:\/\/huettencrea.com\/palyazatok\/#primaryimage"},"thumbnailUrl":"https:\/\/huettencrea.com\/wp-content\/uploads\/2025\/11\/image.png","datePublished":"2025-09-28T10:56:54+00:00","dateModified":"2026-02-25T09:57:00+00:00","breadcrumb":{"@id":"https:\/\/huettencrea.com\/palyazatok\/#breadcrumb"},"inLanguage":"de","potentialAction":[{"@type":"ReadAction","target":["https:\/\/huettencrea.com\/palyazatok\/"]}]},{"@type":"ImageObject","inLanguage":"de","@id":"https:\/\/huettencrea.com\/palyazatok\/#primaryimage","url":"https:\/\/huettencrea.com\/wp-content\/uploads\/2025\/11\/image.png","contentUrl":"https:\/\/huettencrea.com\/wp-content\/uploads\/2025\/11\/image.png"},{"@type":"BreadcrumbList","@id":"https:\/\/huettencrea.com\/palyazatok\/#breadcrumb","itemListElement":[{"@type":"ListItem","position":1,"name":"Kezd\u0151lap","item":"https:\/\/huettencrea.com\/"},{"@type":"ListItem","position":2,"name":"P\u00e1ly\u00e1zatok"}]},{"@type":"WebSite","@id":"https:\/\/huettencrea.com\/#website","url":"https:\/\/huettencrea.com\/","name":"CottageCrea","description":"","publisher":{"@id":"https:\/\/huettencrea.com\/#organization"},"potentialAction":[{"@type":"SearchAction","target":{"@type":"EntryPoint","urlTemplate":"https:\/\/huettencrea.com\/?s={search_term_string}"},"query-input":{"@type":"PropertyValueSpecification","valueRequired":true,"valueName":"search_term_string"}}],"inLanguage":"de"},{"@type":"Organization","@id":"https:\/\/huettencrea.com\/#organization","name":"CottageCrea","url":"https:\/\/huettencrea.com\/","logo":{"@type":"ImageObject","inLanguage":"de","@id":"https:\/\/huettencrea.com\/#\/schema\/logo\/image\/","url":"https:\/\/huettencrea.com\/wp-content\/uploads\/2025\/09\/logo_huttencrea-scaled-removebg-preview.png","contentUrl":"https:\/\/huettencrea.com\/wp-content\/uploads\/2025\/09\/logo_huttencrea-scaled-removebg-preview.png","width":970,"height":257,"caption":"H\u00fcttenCrea"},"image":{"@id":"https:\/\/huettencrea.com\/#\/schema\/logo\/image\/"}}]}},"_links":{"self":[{"href":"https:\/\/huettencrea.com\/de\/wp-json\/wp\/v2\/pages\/35","targetHints":{"allow":["GET"]}}],"collection":[{"href":"https:\/\/huettencrea.com\/de\/wp-json\/wp\/v2\/pages"}],"about":[{"href":"https:\/\/huettencrea.com\/de\/wp-json\/wp\/v2\/types\/page"}],"author":[{"embeddable":true,"href":"https:\/\/huettencrea.com\/de\/wp-json\/wp\/v2\/users\/12"}],"replies":[{"embeddable":true,"href":"https:\/\/huettencrea.com\/de\/wp-json\/wp\/v2\/comments?post=35"}],"version-history":[{"count":2,"href":"https:\/\/huettencrea.com\/de\/wp-json\/wp\/v2\/pages\/35\/revisions"}],"predecessor-version":[{"id":984,"href":"https:\/\/huettencrea.com\/de\/wp-json\/wp\/v2\/pages\/35\/revisions\/984"}],"wp:attachment":[{"href":"https:\/\/huettencrea.com\/de\/wp-json\/wp\/v2\/media?parent=35"}],"curies":[{"name":"wp","href":"https:\/\/api.w.org\/{rel}","templated":true}]}}