{"id":37,"date":"2025-09-28T10:57:01","date_gmt":"2025-09-28T10:57:01","guid":{"rendered":"https:\/\/huettencrea.com\/?page_id=37"},"modified":"2026-02-25T09:56:56","modified_gmt":"2026-02-25T09:56:56","slug":"impressum","status":"publish","type":"page","link":"https:\/\/huettencrea.com\/de\/impresszum\/","title":{"rendered":"Impressum"},"content":{"rendered":"\n<p>\u00dczemeltet\u0151: SPANNO K\u00e9zm\u0171vesb\u00fator Gy\u00e1rt\u00f3, Kereskedelmi \u00e9s Szolg\u00e1ltat\u00f3 Kft.<br>Sz\u00e9khely: 9982 Ap\u00e1tistv\u00e1nfalva, HRSZ 057\/23<br>C\u00e9gjegyz\u00e9ksz\u00e1m: Cg. 18-09-103846<br>Ad\u00f3sz\u00e1m: 11759698-2-18<br>K\u00e9pvisel\u0151: Kov\u00e1cs K\u00e1roly, \u00fcgyvezet\u0151<br>E-mail: <a href=\"mailto:info@huettencrea.com\" type=\"mailto\" id=\"mailto:info@huettencrea.com\">info@huettencrea.com<\/a><br>Telefon: +36 30 956 9335<br>Weboldal: <a href=\"https:\/\/huettencrea.com\"><a href=\"https:\/\/huettencrea.com\/\">https:\/\/huettencrea.com<\/a><\/a><\/p>\n\n\n\n<p><strong>T\u00e1rhelyszolg\u00e1ltat\u00f3<\/strong><br>NetMasters Kft.<br>1132 Budapest, Victor Hugo u. 18\u201322.<br>E-mail: <a>support@netmasters.hu<\/a><br>Web: <a href=\"https:\/\/www.netmasters.hu\">www.netmasters.hu<\/a><\/p>\n\n\n\n<p><strong>Nyilv\u00e1ntart\u00f3 hat\u00f3s\u00e1g<\/strong><br>Szombathelyi T\u00f6rv\u00e9nysz\u00e9k C\u00e9gb\u00edr\u00f3s\u00e1ga<\/p>\n\n\n\n<p>A weboldal tartalma a SPANNO Kft. tulajdon\u00e1t k\u00e9pezi.<br>A tartalom enged\u00e9ly n\u00e9lk\u00fcli m\u00e1sol\u00e1sa vagy terjeszt\u00e9se tilos.<\/p>\n\n\n\n<p>Tov\u00e1bbi inform\u00e1ci\u00f3: <a href=\"https:\/\/huettencrea.com\/adatkezelesi-nyilatkozat\/\" type=\"page\" id=\"3\">[Adatkezel\u00e9si t\u00e1j\u00e9koztat\u00f3]<\/a><\/p>\n\n\n\n<p><\/p>\n","protected":false},"excerpt":{"rendered":"<p>\u00dczemeltet\u0151: SPANNO K\u00e9zm\u0171vesb\u00fator Gy\u00e1rt\u00f3, Kereskedelmi \u00e9s Szolg\u00e1ltat\u00f3 Kft.Sz\u00e9khely: 9982 Ap\u00e1tistv\u00e1nfalva, HRSZ 057\/23C\u00e9gjegyz\u00e9ksz\u00e1m: Cg. 18-09-103846Ad\u00f3sz\u00e1m: 11759698-2-18K\u00e9pvisel\u0151: Kov\u00e1cs K\u00e1roly, \u00fcgyvezet\u0151E-mail: info@huettencrea.comTelefon: +36 30 956 9335Weboldal: https:\/\/huettencrea.com T\u00e1rhelyszolg\u00e1ltat\u00f3NetMasters Kft.1132 Budapest, Victor Hugo u. 18\u201322.E-mail: support@netmasters.huWeb: www.netmasters.hu Nyilv\u00e1ntart\u00f3 hat\u00f3s\u00e1gSzombathelyi T\u00f6rv\u00e9nysz\u00e9k C\u00e9gb\u00edr\u00f3s\u00e1ga A weboldal tartalma a SPANNO Kft. tulajdon\u00e1t k\u00e9pezi.A tartalom enged\u00e9ly n\u00e9lk\u00fcli m\u00e1sol\u00e1sa vagy terjeszt\u00e9se tilos. Tov\u00e1bbi inform\u00e1ci\u00f3: [Adatkezel\u00e9si [&hellip;]<\/p>\n","protected":false},"author":12,"featured_media":0,"parent":0,"menu_order":0,"comment_status":"closed","ping_status":"closed","template":"","meta":{"footnotes":""},"class_list":["post-37","page","type-page","status-publish","hentry"],"yoast_head":"<!-- This site is optimized with the Yoast SEO plugin v27.5 - https:\/\/yoast.com\/product\/yoast-seo-wordpress\/ -->\n<title>Impresszum - H\u00fcttenCrea<\/title>\n<meta name=\"robots\" content=\"index, follow, max-snippet:-1, max-image-preview:large, max-video-preview:-1\" \/>\n<link rel=\"canonical\" href=\"https:\/\/huettencrea.com\/de\/impressum\/\" \/>\n<meta property=\"og:locale\" content=\"de_DE\" \/>\n<meta property=\"og:type\" content=\"article\" \/>\n<meta property=\"og:title\" content=\"Impresszum - H\u00fcttenCrea\" \/>\n<meta property=\"og:description\" content=\"\u00dczemeltet\u0151: SPANNO K\u00e9zm\u0171vesb\u00fator Gy\u00e1rt\u00f3, Kereskedelmi \u00e9s Szolg\u00e1ltat\u00f3 Kft.Sz\u00e9khely: 9982 Ap\u00e1tistv\u00e1nfalva, HRSZ 057\/23C\u00e9gjegyz\u00e9ksz\u00e1m: Cg. 18-09-103846Ad\u00f3sz\u00e1m: 11759698-2-18K\u00e9pvisel\u0151: Kov\u00e1cs K\u00e1roly, \u00fcgyvezet\u0151E-mail: info@huettencrea.comTelefon: +36 30 956 9335Weboldal: https:\/\/huettencrea.com T\u00e1rhelyszolg\u00e1ltat\u00f3NetMasters Kft.1132 Budapest, Victor Hugo u. 18\u201322.E-mail: support@netmasters.huWeb: www.netmasters.hu Nyilv\u00e1ntart\u00f3 hat\u00f3s\u00e1gSzombathelyi T\u00f6rv\u00e9nysz\u00e9k C\u00e9gb\u00edr\u00f3s\u00e1ga A weboldal tartalma a SPANNO Kft. tulajdon\u00e1t k\u00e9pezi.A tartalom enged\u00e9ly n\u00e9lk\u00fcli m\u00e1sol\u00e1sa vagy terjeszt\u00e9se tilos. Tov\u00e1bbi inform\u00e1ci\u00f3: [Adatkezel\u00e9si [&hellip;]\" \/>\n<meta property=\"og:url\" content=\"https:\/\/huettencrea.com\/de\/impressum\/\" \/>\n<meta property=\"og:site_name\" content=\"H\u00fcttenCrea\" \/>\n<meta property=\"article:modified_time\" content=\"2026-02-25T09:56:56+00:00\" \/>\n<meta name=\"twitter:card\" content=\"summary_large_image\" \/>\n<meta name=\"twitter:label1\" content=\"Gesch\u00e4tzte Lesezeit\" \/>\n\t<meta name=\"twitter:data1\" content=\"1\u00a0Minute\" \/>\n<script type=\"application\/ld+json\" class=\"yoast-schema-graph\">{\"@context\":\"https:\\\/\\\/schema.org\",\"@graph\":[{\"@type\":\"WebPage\",\"@id\":\"https:\\\/\\\/huettencrea.com\\\/impresszum\\\/\",\"url\":\"https:\\\/\\\/huettencrea.com\\\/impresszum\\\/\",\"name\":\"Impresszum - H\u00fcttenCrea\",\"isPartOf\":{\"@id\":\"https:\\\/\\\/huettencrea.com\\\/#website\"},\"datePublished\":\"2025-09-28T10:57:01+00:00\",\"dateModified\":\"2026-02-25T09:56:56+00:00\",\"breadcrumb\":{\"@id\":\"https:\\\/\\\/huettencrea.com\\\/impresszum\\\/#breadcrumb\"},\"inLanguage\":\"de\",\"potentialAction\":[{\"@type\":\"ReadAction\",\"target\":[\"https:\\\/\\\/huettencrea.com\\\/impresszum\\\/\"]}]},{\"@type\":\"BreadcrumbList\",\"@id\":\"https:\\\/\\\/huettencrea.com\\\/impresszum\\\/#breadcrumb\",\"itemListElement\":[{\"@type\":\"ListItem\",\"position\":1,\"name\":\"Kezd\u0151lap\",\"item\":\"https:\\\/\\\/huettencrea.com\\\/\"},{\"@type\":\"ListItem\",\"position\":2,\"name\":\"Impresszum\"}]},{\"@type\":\"WebSite\",\"@id\":\"https:\\\/\\\/huettencrea.com\\\/#website\",\"url\":\"https:\\\/\\\/huettencrea.com\\\/\",\"name\":\"H\u00fcttenCrea\",\"description\":\"\",\"publisher\":{\"@id\":\"https:\\\/\\\/huettencrea.com\\\/#organization\"},\"potentialAction\":[{\"@type\":\"SearchAction\",\"target\":{\"@type\":\"EntryPoint\",\"urlTemplate\":\"https:\\\/\\\/huettencrea.com\\\/?s={search_term_string}\"},\"query-input\":{\"@type\":\"PropertyValueSpecification\",\"valueRequired\":true,\"valueName\":\"search_term_string\"}}],\"inLanguage\":\"de\"},{\"@type\":\"Organization\",\"@id\":\"https:\\\/\\\/huettencrea.com\\\/#organization\",\"name\":\"H\u00fcttenCrea\",\"url\":\"https:\\\/\\\/huettencrea.com\\\/\",\"logo\":{\"@type\":\"ImageObject\",\"inLanguage\":\"de\",\"@id\":\"https:\\\/\\\/huettencrea.com\\\/#\\\/schema\\\/logo\\\/image\\\/\",\"url\":\"https:\\\/\\\/huettencrea.com\\\/wp-content\\\/uploads\\\/2025\\\/09\\\/logo_huttencrea-scaled-removebg-preview.png\",\"contentUrl\":\"https:\\\/\\\/huettencrea.com\\\/wp-content\\\/uploads\\\/2025\\\/09\\\/logo_huttencrea-scaled-removebg-preview.png\",\"width\":970,\"height\":257,\"caption\":\"H\u00fcttenCrea\"},\"image\":{\"@id\":\"https:\\\/\\\/huettencrea.com\\\/#\\\/schema\\\/logo\\\/image\\\/\"}}]}<\/script>\n<!-- \/ Yoast SEO plugin. -->","yoast_head_json":{"title":"Impressum - H\u00fcttenCrea","robots":{"index":"index","follow":"follow","max-snippet":"max-snippet:-1","max-image-preview":"max-image-preview:large","max-video-preview":"max-video-preview:-1"},"canonical":"https:\/\/huettencrea.com\/de\/impressum\/","og_locale":"de_DE","og_type":"article","og_title":"Impresszum - H\u00fcttenCrea","og_description":"\u00dczemeltet\u0151: SPANNO K\u00e9zm\u0171vesb\u00fator Gy\u00e1rt\u00f3, Kereskedelmi \u00e9s Szolg\u00e1ltat\u00f3 Kft.Sz\u00e9khely: 9982 Ap\u00e1tistv\u00e1nfalva, HRSZ 057\/23C\u00e9gjegyz\u00e9ksz\u00e1m: Cg. 18-09-103846Ad\u00f3sz\u00e1m: 11759698-2-18K\u00e9pvisel\u0151: Kov\u00e1cs K\u00e1roly, \u00fcgyvezet\u0151E-mail: info@huettencrea.comTelefon: +36 30 956 9335Weboldal: https:\/\/huettencrea.com T\u00e1rhelyszolg\u00e1ltat\u00f3NetMasters Kft.1132 Budapest, Victor Hugo u. 18\u201322.E-mail: support@netmasters.huWeb: www.netmasters.hu Nyilv\u00e1ntart\u00f3 hat\u00f3s\u00e1gSzombathelyi T\u00f6rv\u00e9nysz\u00e9k C\u00e9gb\u00edr\u00f3s\u00e1ga A weboldal tartalma a SPANNO Kft. tulajdon\u00e1t k\u00e9pezi.A tartalom enged\u00e9ly n\u00e9lk\u00fcli m\u00e1sol\u00e1sa vagy terjeszt\u00e9se tilos. Tov\u00e1bbi inform\u00e1ci\u00f3: [Adatkezel\u00e9si [&hellip;]","og_url":"https:\/\/huettencrea.com\/de\/impressum\/","og_site_name":"H\u00fcttenCrea","article_modified_time":"2026-02-25T09:56:56+00:00","twitter_card":"summary_large_image","twitter_misc":{"Gesch\u00e4tzte Lesezeit":"1\u00a0Minute"},"schema":{"@context":"https:\/\/schema.org","@graph":[{"@type":"WebPage","@id":"https:\/\/huettencrea.com\/impresszum\/","url":"https:\/\/huettencrea.com\/impresszum\/","name":"Impressum - H\u00fcttenCrea","isPartOf":{"@id":"https:\/\/huettencrea.com\/#website"},"datePublished":"2025-09-28T10:57:01+00:00","dateModified":"2026-02-25T09:56:56+00:00","breadcrumb":{"@id":"https:\/\/huettencrea.com\/impresszum\/#breadcrumb"},"inLanguage":"de","potentialAction":[{"@type":"ReadAction","target":["https:\/\/huettencrea.com\/impresszum\/"]}]},{"@type":"BreadcrumbList","@id":"https:\/\/huettencrea.com\/impresszum\/#breadcrumb","itemListElement":[{"@type":"ListItem","position":1,"name":"Kezd\u0151lap","item":"https:\/\/huettencrea.com\/"},{"@type":"ListItem","position":2,"name":"Impresszum"}]},{"@type":"WebSite","@id":"https:\/\/huettencrea.com\/#website","url":"https:\/\/huettencrea.com\/","name":"CottageCrea","description":"","publisher":{"@id":"https:\/\/huettencrea.com\/#organization"},"potentialAction":[{"@type":"SearchAction","target":{"@type":"EntryPoint","urlTemplate":"https:\/\/huettencrea.com\/?s={search_term_string}"},"query-input":{"@type":"PropertyValueSpecification","valueRequired":true,"valueName":"search_term_string"}}],"inLanguage":"de"},{"@type":"Organization","@id":"https:\/\/huettencrea.com\/#organization","name":"CottageCrea","url":"https:\/\/huettencrea.com\/","logo":{"@type":"ImageObject","inLanguage":"de","@id":"https:\/\/huettencrea.com\/#\/schema\/logo\/image\/","url":"https:\/\/huettencrea.com\/wp-content\/uploads\/2025\/09\/logo_huttencrea-scaled-removebg-preview.png","contentUrl":"https:\/\/huettencrea.com\/wp-content\/uploads\/2025\/09\/logo_huttencrea-scaled-removebg-preview.png","width":970,"height":257,"caption":"H\u00fcttenCrea"},"image":{"@id":"https:\/\/huettencrea.com\/#\/schema\/logo\/image\/"}}]}},"_links":{"self":[{"href":"https:\/\/huettencrea.com\/de\/wp-json\/wp\/v2\/pages\/37","targetHints":{"allow":["GET"]}}],"collection":[{"href":"https:\/\/huettencrea.com\/de\/wp-json\/wp\/v2\/pages"}],"about":[{"href":"https:\/\/huettencrea.com\/de\/wp-json\/wp\/v2\/types\/page"}],"author":[{"embeddable":true,"href":"https:\/\/huettencrea.com\/de\/wp-json\/wp\/v2\/users\/12"}],"replies":[{"embeddable":true,"href":"https:\/\/huettencrea.com\/de\/wp-json\/wp\/v2\/comments?post=37"}],"version-history":[{"count":3,"href":"https:\/\/huettencrea.com\/de\/wp-json\/wp\/v2\/pages\/37\/revisions"}],"predecessor-version":[{"id":2181,"href":"https:\/\/huettencrea.com\/de\/wp-json\/wp\/v2\/pages\/37\/revisions\/2181"}],"wp:attachment":[{"href":"https:\/\/huettencrea.com\/de\/wp-json\/wp\/v2\/media?parent=37"}],"curies":[{"name":"wp","href":"https:\/\/api.w.org\/{rel}","templated":true}]}}